{"id":7955,"date":"2025-07-08T03:40:38","date_gmt":"2025-07-08T03:40:38","guid":{"rendered":"https:\/\/ustiniands.com\/?post_type=product&#038;p=7955"},"modified":"2025-07-08T03:45:02","modified_gmt":"2025-07-08T03:45:02","slug":"ski-club-compression-socks%ef%bc%9amuscle-circulation-bone-maintenance-socks","status":"publish","type":"product","link":"https:\/\/ustiniands.com\/pt\/produto\/ski-club-compression-socks%ef%bc%9amuscle-circulation-bone-maintenance-socks\/","title":{"rendered":"Meias de compress\u00e3o Ski Club: Meias para circula\u00e7\u00e3o muscular e manuten\u00e7\u00e3o \u00f3ssea"},"content":{"rendered":"<figure class=\"wp-block-gallery has-nested-images columns-default is-cropped wp-block-gallery-1 is-layout-flex wp-block-gallery-is-layout-flex\">\n<figure class=\"wp-block-image size-full\"><img fetchpriority=\"high\" decoding=\"async\" width=\"735\" height=\"859\" data-id=\"7958\" src=\"https:\/\/ustiniands.com\/wp-content\/uploads\/2025\/07\/\u4e3b\u56fe-06-1.jpg\" alt=\"\" class=\"wp-image-7958\" srcset=\"https:\/\/ustiniands.com\/wp-content\/uploads\/2025\/07\/\u4e3b\u56fe-06-1.jpg 735w, https:\/\/ustiniands.com\/wp-content\/uploads\/2025\/07\/\u4e3b\u56fe-06-1-257x300.jpg 257w, https:\/\/ustiniands.com\/wp-content\/uploads\/2025\/07\/\u4e3b\u56fe-06-1-10x12.jpg 10w, https:\/\/ustiniands.com\/wp-content\/uploads\/2025\/07\/\u4e3b\u56fe-06-1-441x515.jpg 441w, https:\/\/ustiniands.com\/wp-content\/uploads\/2025\/07\/\u4e3b\u56fe-06-1-300x351.jpg 300w, https:\/\/ustiniands.com\/wp-content\/uploads\/2025\/07\/\u4e3b\u56fe-06-1-150x175.jpg 150w, https:\/\/ustiniands.com\/wp-content\/uploads\/2025\/07\/\u4e3b\u56fe-06-1-428x500.jpg 428w, https:\/\/ustiniands.com\/wp-content\/uploads\/2025\/07\/\u4e3b\u56fe-06-1-34x40.jpg 34w\" sizes=\"(max-width: 735px) 100vw, 735px\" \/><\/figure>\n\n\n\n<figure class=\"wp-block-image size-full\"><img decoding=\"async\" width=\"826\" height=\"930\" data-id=\"7957\" src=\"https:\/\/ustiniands.com\/wp-content\/uploads\/2025\/07\/\u4e3b\u56fe-07-1.jpg\" alt=\"\" class=\"wp-image-7957\" srcset=\"https:\/\/ustiniands.com\/wp-content\/uploads\/2025\/07\/\u4e3b\u56fe-07-1.jpg 826w, https:\/\/ustiniands.com\/wp-content\/uploads\/2025\/07\/\u4e3b\u56fe-07-1-266x300.jpg 266w, https:\/\/ustiniands.com\/wp-content\/uploads\/2025\/07\/\u4e3b\u56fe-07-1-768x865.jpg 768w, https:\/\/ustiniands.com\/wp-content\/uploads\/2025\/07\/\u4e3b\u56fe-07-1-11x12.jpg 11w, https:\/\/ustiniands.com\/wp-content\/uploads\/2025\/07\/\u4e3b\u56fe-07-1-441x497.jpg 441w, https:\/\/ustiniands.com\/wp-content\/uploads\/2025\/07\/\u4e3b\u56fe-07-1-300x338.jpg 300w, https:\/\/ustiniands.com\/wp-content\/uploads\/2025\/07\/\u4e3b\u56fe-07-1-800x901.jpg 800w, https:\/\/ustiniands.com\/wp-content\/uploads\/2025\/07\/\u4e3b\u56fe-07-1-150x169.jpg 150w, https:\/\/ustiniands.com\/wp-content\/uploads\/2025\/07\/\u4e3b\u56fe-07-1-444x500.jpg 444w, https:\/\/ustiniands.com\/wp-content\/uploads\/2025\/07\/\u4e3b\u56fe-07-1-36x40.jpg 36w\" sizes=\"(max-width: 826px) 100vw, 826px\" \/><\/figure>\n\n\n\n<figure class=\"wp-block-image size-full\"><img decoding=\"async\" width=\"828\" height=\"922\" data-id=\"7956\" src=\"https:\/\/ustiniands.com\/wp-content\/uploads\/2025\/07\/\u4e3b\u56fe-08-1.jpg\" alt=\"\" class=\"wp-image-7956\" srcset=\"https:\/\/ustiniands.com\/wp-content\/uploads\/2025\/07\/\u4e3b\u56fe-08-1.jpg 828w, https:\/\/ustiniands.com\/wp-content\/uploads\/2025\/07\/\u4e3b\u56fe-08-1-269x300.jpg 269w, https:\/\/ustiniands.com\/wp-content\/uploads\/2025\/07\/\u4e3b\u56fe-08-1-768x855.jpg 768w, https:\/\/ustiniands.com\/wp-content\/uploads\/2025\/07\/\u4e3b\u56fe-08-1-11x12.jpg 11w, https:\/\/ustiniands.com\/wp-content\/uploads\/2025\/07\/\u4e3b\u56fe-08-1-441x491.jpg 441w, https:\/\/ustiniands.com\/wp-content\/uploads\/2025\/07\/\u4e3b\u56fe-08-1-300x334.jpg 300w, https:\/\/ustiniands.com\/wp-content\/uploads\/2025\/07\/\u4e3b\u56fe-08-1-800x891.jpg 800w, https:\/\/ustiniands.com\/wp-content\/uploads\/2025\/07\/\u4e3b\u56fe-08-1-150x167.jpg 150w, https:\/\/ustiniands.com\/wp-content\/uploads\/2025\/07\/\u4e3b\u56fe-08-1-449x500.jpg 449w, https:\/\/ustiniands.com\/wp-content\/uploads\/2025\/07\/\u4e3b\u56fe-08-1-36x40.jpg 36w\" sizes=\"(max-width: 828px) 100vw, 828px\" \/><\/figure>\n<\/figure>","protected":false},"excerpt":{"rendered":"<p>Adequado para cenas de esportes de esqui, ele pode ajudar a promover a circula\u00e7\u00e3o sangu\u00ednea nas pernas e reduzir a fadiga muscular. O esquema de cores \u00e9 diversificado, com os estilos roxo e preto apresentando uma base preta e um roxo chamativo, criando um visual moderno e personalizado; o esquema cl\u00e1ssico de cores cinza-preto, est\u00e1vel e pr\u00e1tico; o esquema de cores cinza e branco claro \u00e9 simples e refrescante, atendendo a diferentes necessidades est\u00e9ticas e funcionais, proporcionando um suporte est\u00e1vel e uma experi\u00eancia confort\u00e1vel para os esquiadores.<\/p>","protected":false},"featured_media":7956,"comment_status":"open","ping_status":"closed","template":"","meta":[],"product_brand":[],"product_cat":[100,101,102],"product_tag":[],"class_list":{"0":"post-7955","1":"product","2":"type-product","3":"status-publish","4":"has-post-thumbnail","6":"product_cat-all-socks","7":"product_cat-men","8":"product_cat-women","10":"first","11":"instock","12":"sale","13":"shipping-taxable","14":"purchasable","15":"product-type-variable","16":"has-default-attributes"},"_links":{"self":[{"href":"https:\/\/ustiniands.com\/pt\/wp-json\/wp\/v2\/product\/7955","targetHints":{"allow":["GET"]}}],"collection":[{"href":"https:\/\/ustiniands.com\/pt\/wp-json\/wp\/v2\/product"}],"about":[{"href":"https:\/\/ustiniands.com\/pt\/wp-json\/wp\/v2\/types\/product"}],"replies":[{"embeddable":true,"href":"https:\/\/ustiniands.com\/pt\/wp-json\/wp\/v2\/comments?post=7955"}],"wp:featuredmedia":[{"embeddable":true,"href":"https:\/\/ustiniands.com\/pt\/wp-json\/wp\/v2\/media\/7956"}],"wp:attachment":[{"href":"https:\/\/ustiniands.com\/pt\/wp-json\/wp\/v2\/media?parent=7955"}],"wp:term":[{"taxonomy":"product_brand","embeddable":true,"href":"https:\/\/ustiniands.com\/pt\/wp-json\/wp\/v2\/product_brand?post=7955"},{"taxonomy":"product_cat","embeddable":true,"href":"https:\/\/ustiniands.com\/pt\/wp-json\/wp\/v2\/product_cat?post=7955"},{"taxonomy":"product_tag","embeddable":true,"href":"https:\/\/ustiniands.com\/pt\/wp-json\/wp\/v2\/product_tag?post=7955"}],"curies":[{"name":"wp","href":"https:\/\/api.w.org\/{rel}","templated":true}]}}