{"id":7775,"date":"2025-06-26T09:29:02","date_gmt":"2025-06-26T09:29:02","guid":{"rendered":"https:\/\/ustiniands.com\/?post_type=product&#038;p=7775"},"modified":"2025-07-04T05:42:58","modified_gmt":"2025-07-04T05:42:58","slug":"true-crime-knee-high-socks","status":"publish","type":"product","link":"https:\/\/ustiniands.com\/pt\/produto\/true-crime-knee-high-socks\/","title":{"rendered":"True Crime Knee High Socks (meias at\u00e9 o joelho)"},"content":{"rendered":"<figure class=\"wp-block-image size-full is-resized\"><img fetchpriority=\"high\" decoding=\"async\" width=\"610\" height=\"610\" src=\"https:\/\/ustiniands.com\/wp-content\/uploads\/2025\/06\/1750930024469.png\" alt=\"\" class=\"wp-image-7776\" style=\"width:900px;height:auto\" srcset=\"https:\/\/ustiniands.com\/wp-content\/uploads\/2025\/06\/1750930024469.png 610w, https:\/\/ustiniands.com\/wp-content\/uploads\/2025\/06\/1750930024469-300x300.png 300w, https:\/\/ustiniands.com\/wp-content\/uploads\/2025\/06\/1750930024469-150x150.png 150w, https:\/\/ustiniands.com\/wp-content\/uploads\/2025\/06\/1750930024469-12x12.png 12w, https:\/\/ustiniands.com\/wp-content\/uploads\/2025\/06\/1750930024469-441x441.png 441w, https:\/\/ustiniands.com\/wp-content\/uploads\/2025\/06\/1750930024469-100x100.png 100w, https:\/\/ustiniands.com\/wp-content\/uploads\/2025\/06\/1750930024469-500x500.png 500w, https:\/\/ustiniands.com\/wp-content\/uploads\/2025\/06\/1750930024469-40x40.png 40w\" sizes=\"(max-width: 610px) 100vw, 610px\" \/><\/figure>\n\n\n\n<ul class=\"wp-block-list\">\n<li><strong>Poder de perman\u00eancia<\/strong><\/li>\n\n\n\n<li>Poder de perman\u00eancia imbat\u00edvel durante todo o dia.<\/li>\n<\/ul>\n\n\n\n<figure class=\"wp-block-image size-full is-resized\"><img decoding=\"async\" width=\"610\" height=\"610\" src=\"https:\/\/ustiniands.com\/wp-content\/uploads\/2025\/06\/1750930033794.png\" alt=\"\" class=\"wp-image-7777\" style=\"width:900px;height:auto\" srcset=\"https:\/\/ustiniands.com\/wp-content\/uploads\/2025\/06\/1750930033794.png 610w, https:\/\/ustiniands.com\/wp-content\/uploads\/2025\/06\/1750930033794-300x300.png 300w, https:\/\/ustiniands.com\/wp-content\/uploads\/2025\/06\/1750930033794-150x150.png 150w, https:\/\/ustiniands.com\/wp-content\/uploads\/2025\/06\/1750930033794-12x12.png 12w, https:\/\/ustiniands.com\/wp-content\/uploads\/2025\/06\/1750930033794-441x441.png 441w, https:\/\/ustiniands.com\/wp-content\/uploads\/2025\/06\/1750930033794-100x100.png 100w, https:\/\/ustiniands.com\/wp-content\/uploads\/2025\/06\/1750930033794-500x500.png 500w, https:\/\/ustiniands.com\/wp-content\/uploads\/2025\/06\/1750930033794-40x40.png 40w\" sizes=\"(max-width: 610px) 100vw, 610px\" \/><\/figure>\n\n\n\n<ul class=\"wp-block-list\">\n<li><strong>Calcanhar refor\u00e7ado<\/strong><\/li>\n\n\n\n<li>Calcanhar e dedo do p\u00e9 refor\u00e7ados com duas camadas para maior durabilidade.<\/li>\n<\/ul>\n\n\n\n<figure class=\"wp-block-image size-full is-resized\"><img decoding=\"async\" width=\"610\" height=\"610\" src=\"https:\/\/ustiniands.com\/wp-content\/uploads\/2025\/06\/1750930030415.png\" alt=\"\" class=\"wp-image-7778\" style=\"width:900px;height:auto\" srcset=\"https:\/\/ustiniands.com\/wp-content\/uploads\/2025\/06\/1750930030415.png 610w, https:\/\/ustiniands.com\/wp-content\/uploads\/2025\/06\/1750930030415-300x300.png 300w, https:\/\/ustiniands.com\/wp-content\/uploads\/2025\/06\/1750930030415-150x150.png 150w, https:\/\/ustiniands.com\/wp-content\/uploads\/2025\/06\/1750930030415-12x12.png 12w, https:\/\/ustiniands.com\/wp-content\/uploads\/2025\/06\/1750930030415-441x441.png 441w, https:\/\/ustiniands.com\/wp-content\/uploads\/2025\/06\/1750930030415-100x100.png 100w, https:\/\/ustiniands.com\/wp-content\/uploads\/2025\/06\/1750930030415-500x500.png 500w, https:\/\/ustiniands.com\/wp-content\/uploads\/2025\/06\/1750930030415-40x40.png 40w\" sizes=\"(max-width: 610px) 100vw, 610px\" \/><\/figure>","protected":false},"excerpt":{"rendered":"<p>Entre na serenidade da natureza com nossas meias at\u00e9 o joelho da floresta verdejante! Essas meias s\u00e3o uma deliciosa mistura de conforto e inspira\u00e7\u00e3o ao ar livre.<\/p>","protected":false},"featured_media":7776,"comment_status":"open","ping_status":"closed","template":"","meta":[],"product_brand":[],"product_cat":[102],"product_tag":[],"class_list":{"0":"post-7775","1":"product","2":"type-product","3":"status-publish","4":"has-post-thumbnail","6":"product_cat-women","8":"first","9":"instock","10":"shipping-taxable","11":"purchasable","12":"product-type-simple"},"_links":{"self":[{"href":"https:\/\/ustiniands.com\/pt\/wp-json\/wp\/v2\/product\/7775","targetHints":{"allow":["GET"]}}],"collection":[{"href":"https:\/\/ustiniands.com\/pt\/wp-json\/wp\/v2\/product"}],"about":[{"href":"https:\/\/ustiniands.com\/pt\/wp-json\/wp\/v2\/types\/product"}],"replies":[{"embeddable":true,"href":"https:\/\/ustiniands.com\/pt\/wp-json\/wp\/v2\/comments?post=7775"}],"wp:featuredmedia":[{"embeddable":true,"href":"https:\/\/ustiniands.com\/pt\/wp-json\/wp\/v2\/media\/7776"}],"wp:attachment":[{"href":"https:\/\/ustiniands.com\/pt\/wp-json\/wp\/v2\/media?parent=7775"}],"wp:term":[{"taxonomy":"product_brand","embeddable":true,"href":"https:\/\/ustiniands.com\/pt\/wp-json\/wp\/v2\/product_brand?post=7775"},{"taxonomy":"product_cat","embeddable":true,"href":"https:\/\/ustiniands.com\/pt\/wp-json\/wp\/v2\/product_cat?post=7775"},{"taxonomy":"product_tag","embeddable":true,"href":"https:\/\/ustiniands.com\/pt\/wp-json\/wp\/v2\/product_tag?post=7775"}],"curies":[{"name":"wp","href":"https:\/\/api.w.org\/{rel}","templated":true}]}}