{"id":7762,"date":"2025-06-26T09:23:36","date_gmt":"2025-06-26T09:23:36","guid":{"rendered":"https:\/\/ustiniands.com\/?post_type=product&#038;p=7762"},"modified":"2025-07-04T06:06:30","modified_gmt":"2025-07-04T06:06:30","slug":"seasons-greetings-knee-high-socks","status":"publish","type":"product","link":"https:\/\/ustiniands.com\/pt\/produto\/seasons-greetings-knee-high-socks\/","title":{"rendered":"Sauda\u00e7\u00f5es da esta\u00e7\u00e3o! Meias at\u00e9 o joelho"},"content":{"rendered":"<figure class=\"wp-block-image size-full is-resized\"><img fetchpriority=\"high\" decoding=\"async\" width=\"610\" height=\"610\" src=\"https:\/\/ustiniands.com\/wp-content\/uploads\/2025\/06\/1750929713565.png\" alt=\"\" class=\"wp-image-7769\" style=\"width:900px;height:auto\" srcset=\"https:\/\/ustiniands.com\/wp-content\/uploads\/2025\/06\/1750929713565.png 610w, https:\/\/ustiniands.com\/wp-content\/uploads\/2025\/06\/1750929713565-300x300.png 300w, https:\/\/ustiniands.com\/wp-content\/uploads\/2025\/06\/1750929713565-150x150.png 150w, https:\/\/ustiniands.com\/wp-content\/uploads\/2025\/06\/1750929713565-12x12.png 12w, https:\/\/ustiniands.com\/wp-content\/uploads\/2025\/06\/1750929713565-441x441.png 441w, https:\/\/ustiniands.com\/wp-content\/uploads\/2025\/06\/1750929713565-100x100.png 100w, https:\/\/ustiniands.com\/wp-content\/uploads\/2025\/06\/1750929713565-500x500.png 500w, https:\/\/ustiniands.com\/wp-content\/uploads\/2025\/06\/1750929713565-40x40.png 40w\" sizes=\"(max-width: 610px) 100vw, 610px\" \/><\/figure>\n\n\n\n<ul class=\"wp-block-list\">\n<li><strong>Poder de perman\u00eancia<\/strong><\/li>\n\n\n\n<li>Poder de perman\u00eancia imbat\u00edvel durante todo o dia.<\/li>\n<\/ul>\n\n\n\n<figure class=\"wp-block-image size-full is-resized\"><img decoding=\"async\" width=\"610\" height=\"610\" src=\"https:\/\/ustiniands.com\/wp-content\/uploads\/2025\/06\/1750929716588.png\" alt=\"\" class=\"wp-image-7770\" style=\"width:900px;height:auto\" srcset=\"https:\/\/ustiniands.com\/wp-content\/uploads\/2025\/06\/1750929716588.png 610w, https:\/\/ustiniands.com\/wp-content\/uploads\/2025\/06\/1750929716588-300x300.png 300w, https:\/\/ustiniands.com\/wp-content\/uploads\/2025\/06\/1750929716588-150x150.png 150w, https:\/\/ustiniands.com\/wp-content\/uploads\/2025\/06\/1750929716588-12x12.png 12w, https:\/\/ustiniands.com\/wp-content\/uploads\/2025\/06\/1750929716588-441x441.png 441w, https:\/\/ustiniands.com\/wp-content\/uploads\/2025\/06\/1750929716588-100x100.png 100w, https:\/\/ustiniands.com\/wp-content\/uploads\/2025\/06\/1750929716588-500x500.png 500w, https:\/\/ustiniands.com\/wp-content\/uploads\/2025\/06\/1750929716588-40x40.png 40w\" sizes=\"(max-width: 610px) 100vw, 610px\" \/><\/figure>\n\n\n\n<ul class=\"wp-block-list\">\n<li><strong>Calcanhar refor\u00e7ado<\/strong><\/li>\n\n\n\n<li>Calcanhar e dedo do p\u00e9 refor\u00e7ados com duas camadas para maior durabilidade.<\/li>\n<\/ul>\n\n\n\n<figure class=\"wp-block-image size-full is-resized\"><img decoding=\"async\" width=\"610\" height=\"610\" src=\"https:\/\/ustiniands.com\/wp-content\/uploads\/2025\/06\/1750929720244.png\" alt=\"\" class=\"wp-image-7771\" style=\"width:900px;height:auto\" srcset=\"https:\/\/ustiniands.com\/wp-content\/uploads\/2025\/06\/1750929720244.png 610w, https:\/\/ustiniands.com\/wp-content\/uploads\/2025\/06\/1750929720244-300x300.png 300w, https:\/\/ustiniands.com\/wp-content\/uploads\/2025\/06\/1750929720244-150x150.png 150w, https:\/\/ustiniands.com\/wp-content\/uploads\/2025\/06\/1750929720244-12x12.png 12w, https:\/\/ustiniands.com\/wp-content\/uploads\/2025\/06\/1750929720244-441x441.png 441w, https:\/\/ustiniands.com\/wp-content\/uploads\/2025\/06\/1750929720244-100x100.png 100w, https:\/\/ustiniands.com\/wp-content\/uploads\/2025\/06\/1750929720244-500x500.png 500w, https:\/\/ustiniands.com\/wp-content\/uploads\/2025\/06\/1750929720244-40x40.png 40w\" sizes=\"(max-width: 610px) 100vw, 610px\" \/><\/figure>","protected":false},"excerpt":{"rendered":"<p>Comece a cozinhar com as meias at\u00e9 o joelho com tema de especiarias da Kithcen, que combinam um toque festivo com conforto aconchegante. Perfeitas para festas de fim de ano ou para relaxar junto \u00e0 lareira, esses designs arrojados e divertidos d\u00e3o o toque certo para manter seu estilo em alta durante toda a esta\u00e7\u00e3o.<\/p>","protected":false},"featured_media":7769,"comment_status":"open","ping_status":"closed","template":"","meta":[],"product_brand":[],"product_cat":[100,103],"product_tag":[],"class_list":{"0":"post-7762","1":"product","2":"type-product","3":"status-publish","4":"has-post-thumbnail","6":"product_cat-all-socks","7":"product_cat-kids","9":"first","10":"instock","11":"shipping-taxable","12":"purchasable","13":"product-type-simple"},"_links":{"self":[{"href":"https:\/\/ustiniands.com\/pt\/wp-json\/wp\/v2\/product\/7762","targetHints":{"allow":["GET"]}}],"collection":[{"href":"https:\/\/ustiniands.com\/pt\/wp-json\/wp\/v2\/product"}],"about":[{"href":"https:\/\/ustiniands.com\/pt\/wp-json\/wp\/v2\/types\/product"}],"replies":[{"embeddable":true,"href":"https:\/\/ustiniands.com\/pt\/wp-json\/wp\/v2\/comments?post=7762"}],"wp:featuredmedia":[{"embeddable":true,"href":"https:\/\/ustiniands.com\/pt\/wp-json\/wp\/v2\/media\/7769"}],"wp:attachment":[{"href":"https:\/\/ustiniands.com\/pt\/wp-json\/wp\/v2\/media?parent=7762"}],"wp:term":[{"taxonomy":"product_brand","embeddable":true,"href":"https:\/\/ustiniands.com\/pt\/wp-json\/wp\/v2\/product_brand?post=7762"},{"taxonomy":"product_cat","embeddable":true,"href":"https:\/\/ustiniands.com\/pt\/wp-json\/wp\/v2\/product_cat?post=7762"},{"taxonomy":"product_tag","embeddable":true,"href":"https:\/\/ustiniands.com\/pt\/wp-json\/wp\/v2\/product_tag?post=7762"}],"curies":[{"name":"wp","href":"https:\/\/api.w.org\/{rel}","templated":true}]}}