{"id":7747,"date":"2025-06-26T09:01:24","date_gmt":"2025-06-26T09:01:24","guid":{"rendered":"https:\/\/ustiniands.com\/?post_type=product&#038;p=7747"},"modified":"2025-07-12T05:42:32","modified_gmt":"2025-07-12T05:42:32","slug":"stretch-it-team-pride-socks","status":"publish","type":"product","link":"https:\/\/ustiniands.com\/pt\/produto\/stretch-it-team-pride-socks\/","title":{"rendered":"Meias STRETCH-IT\u2122 Team Pride"},"content":{"rendered":"<figure class=\"wp-block-image size-full is-resized\"><img fetchpriority=\"high\" decoding=\"async\" width=\"610\" height=\"610\" src=\"https:\/\/ustiniands.com\/wp-content\/uploads\/2025\/06\/1750928229362.png\" alt=\"\" class=\"wp-image-7748\" style=\"width:900px;height:auto\" srcset=\"https:\/\/ustiniands.com\/wp-content\/uploads\/2025\/06\/1750928229362.png 610w, https:\/\/ustiniands.com\/wp-content\/uploads\/2025\/06\/1750928229362-300x300.png 300w, https:\/\/ustiniands.com\/wp-content\/uploads\/2025\/06\/1750928229362-150x150.png 150w, https:\/\/ustiniands.com\/wp-content\/uploads\/2025\/06\/1750928229362-12x12.png 12w, https:\/\/ustiniands.com\/wp-content\/uploads\/2025\/06\/1750928229362-441x441.png 441w, https:\/\/ustiniands.com\/wp-content\/uploads\/2025\/06\/1750928229362-100x100.png 100w, https:\/\/ustiniands.com\/wp-content\/uploads\/2025\/06\/1750928229362-500x500.png 500w, https:\/\/ustiniands.com\/wp-content\/uploads\/2025\/06\/1750928229362-40x40.png 40w\" sizes=\"(max-width: 610px) 100vw, 610px\" \/><\/figure>\n\n\n\n<figure class=\"wp-block-image size-full is-resized\"><img decoding=\"async\" width=\"610\" height=\"610\" src=\"https:\/\/ustiniands.com\/wp-content\/uploads\/2025\/06\/1750928239016.png\" alt=\"\" class=\"wp-image-7750\" style=\"width:900px;height:auto\" srcset=\"https:\/\/ustiniands.com\/wp-content\/uploads\/2025\/06\/1750928239016.png 610w, https:\/\/ustiniands.com\/wp-content\/uploads\/2025\/06\/1750928239016-300x300.png 300w, https:\/\/ustiniands.com\/wp-content\/uploads\/2025\/06\/1750928239016-150x150.png 150w, https:\/\/ustiniands.com\/wp-content\/uploads\/2025\/06\/1750928239016-12x12.png 12w, https:\/\/ustiniands.com\/wp-content\/uploads\/2025\/06\/1750928239016-441x441.png 441w, https:\/\/ustiniands.com\/wp-content\/uploads\/2025\/06\/1750928239016-100x100.png 100w, https:\/\/ustiniands.com\/wp-content\/uploads\/2025\/06\/1750928239016-500x500.png 500w, https:\/\/ustiniands.com\/wp-content\/uploads\/2025\/06\/1750928239016-40x40.png 40w\" sizes=\"(max-width: 610px) 100vw, 610px\" \/><\/figure>\n\n\n\n<figure class=\"wp-block-image size-full is-resized\"><img decoding=\"async\" width=\"610\" height=\"610\" src=\"https:\/\/ustiniands.com\/wp-content\/uploads\/2025\/06\/1750928232784.png\" alt=\"\" class=\"wp-image-7751\" style=\"width:900px;height:auto\" srcset=\"https:\/\/ustiniands.com\/wp-content\/uploads\/2025\/06\/1750928232784.png 610w, https:\/\/ustiniands.com\/wp-content\/uploads\/2025\/06\/1750928232784-300x300.png 300w, https:\/\/ustiniands.com\/wp-content\/uploads\/2025\/06\/1750928232784-150x150.png 150w, https:\/\/ustiniands.com\/wp-content\/uploads\/2025\/06\/1750928232784-12x12.png 12w, https:\/\/ustiniands.com\/wp-content\/uploads\/2025\/06\/1750928232784-441x441.png 441w, https:\/\/ustiniands.com\/wp-content\/uploads\/2025\/06\/1750928232784-100x100.png 100w, https:\/\/ustiniands.com\/wp-content\/uploads\/2025\/06\/1750928232784-500x500.png 500w, https:\/\/ustiniands.com\/wp-content\/uploads\/2025\/06\/1750928232784-40x40.png 40w\" sizes=\"(max-width: 610px) 100vw, 610px\" \/><\/figure>","protected":false},"excerpt":{"rendered":"<p>Essas meias permitem que voc\u00ea diga \u00e0s pessoas quem voc\u00ea \u00e9 e mostre a elas que voc\u00ea apoia a luta cont\u00ednua pela igualdade. Quer voc\u00ea seja um membro da comunidade ou um aliado, as meias STRETCH-IT Team Pride Wide Calf Socks transmitem uma mensagem importante e necess\u00e1ria.<\/p>","protected":false},"featured_media":7752,"comment_status":"open","ping_status":"closed","template":"","meta":[],"product_brand":[],"product_cat":[115,100],"product_tag":[],"class_list":{"0":"post-7747","1":"product","2":"type-product","3":"status-publish","4":"has-post-thumbnail","6":"product_cat-flower-series-kids","7":"product_cat-all-socks","9":"first","10":"instock","11":"shipping-taxable","12":"purchasable","13":"product-type-simple"},"_links":{"self":[{"href":"https:\/\/ustiniands.com\/pt\/wp-json\/wp\/v2\/product\/7747","targetHints":{"allow":["GET"]}}],"collection":[{"href":"https:\/\/ustiniands.com\/pt\/wp-json\/wp\/v2\/product"}],"about":[{"href":"https:\/\/ustiniands.com\/pt\/wp-json\/wp\/v2\/types\/product"}],"replies":[{"embeddable":true,"href":"https:\/\/ustiniands.com\/pt\/wp-json\/wp\/v2\/comments?post=7747"}],"wp:featuredmedia":[{"embeddable":true,"href":"https:\/\/ustiniands.com\/pt\/wp-json\/wp\/v2\/media\/7752"}],"wp:attachment":[{"href":"https:\/\/ustiniands.com\/pt\/wp-json\/wp\/v2\/media?parent=7747"}],"wp:term":[{"taxonomy":"product_brand","embeddable":true,"href":"https:\/\/ustiniands.com\/pt\/wp-json\/wp\/v2\/product_brand?post=7747"},{"taxonomy":"product_cat","embeddable":true,"href":"https:\/\/ustiniands.com\/pt\/wp-json\/wp\/v2\/product_cat?post=7747"},{"taxonomy":"product_tag","embeddable":true,"href":"https:\/\/ustiniands.com\/pt\/wp-json\/wp\/v2\/product_tag?post=7747"}],"curies":[{"name":"wp","href":"https:\/\/api.w.org\/{rel}","templated":true}]}}