{"id":8073,"date":"2025-07-17T05:19:55","date_gmt":"2025-07-17T05:19:55","guid":{"rendered":"https:\/\/ustiniands.com\/?post_type=product&#038;p=8073"},"modified":"2025-07-17T05:19:57","modified_gmt":"2025-07-17T05:19:57","slug":"halloween-art-compression-socks-non-slip-lightweight-and-vibrant","status":"publish","type":"product","link":"https:\/\/ustiniands.com\/fr\/produit\/halloween-art-compression-socks-non-slip-lightweight-and-vibrant\/","title":{"rendered":"Chaussettes de compression Halloween Art : Antid\u00e9rapantes, l\u00e9g\u00e8res et vibrantes"},"content":{"rendered":"<figure class=\"wp-block-image size-large\"><img fetchpriority=\"high\" decoding=\"async\" width=\"1024\" height=\"1024\" src=\"https:\/\/ustiniands.com\/wp-content\/uploads\/2025\/07\/\u4e3b\u56fe-02-1024x1024.jpg\" alt=\"\" class=\"wp-image-8074\" srcset=\"https:\/\/ustiniands.com\/wp-content\/uploads\/2025\/07\/\u4e3b\u56fe-02-1024x1024.jpg 1024w, https:\/\/ustiniands.com\/wp-content\/uploads\/2025\/07\/\u4e3b\u56fe-02-300x300.jpg 300w, https:\/\/ustiniands.com\/wp-content\/uploads\/2025\/07\/\u4e3b\u56fe-02-150x150.jpg 150w, https:\/\/ustiniands.com\/wp-content\/uploads\/2025\/07\/\u4e3b\u56fe-02-768x768.jpg 768w, https:\/\/ustiniands.com\/wp-content\/uploads\/2025\/07\/\u4e3b\u56fe-02-12x12.jpg 12w, https:\/\/ustiniands.com\/wp-content\/uploads\/2025\/07\/\u4e3b\u56fe-02-990x990.jpg 990w, https:\/\/ustiniands.com\/wp-content\/uploads\/2025\/07\/\u4e3b\u56fe-02-441x441.jpg 441w, https:\/\/ustiniands.com\/wp-content\/uploads\/2025\/07\/\u4e3b\u56fe-02-100x100.jpg 100w, https:\/\/ustiniands.com\/wp-content\/uploads\/2025\/07\/\u4e3b\u56fe-02-800x800.jpg 800w, https:\/\/ustiniands.com\/wp-content\/uploads\/2025\/07\/\u4e3b\u56fe-02-500x500.jpg 500w, https:\/\/ustiniands.com\/wp-content\/uploads\/2025\/07\/\u4e3b\u56fe-02-40x40.jpg 40w, https:\/\/ustiniands.com\/wp-content\/uploads\/2025\/07\/\u4e3b\u56fe-02.jpg 1500w\" sizes=\"(max-width: 1024px) 100vw, 1024px\" \/><\/figure>\n\n\n\n<figure class=\"wp-block-gallery has-nested-images columns-default is-cropped wp-block-gallery-1 is-layout-flex wp-block-gallery-is-layout-flex\">\n<figure class=\"wp-block-image size-large\"><img decoding=\"async\" width=\"1024\" height=\"1024\" data-id=\"8075\" src=\"https:\/\/ustiniands.com\/wp-content\/uploads\/2025\/07\/SKU-01-\u8499\u5a1c\u4e3d\u838e-1024x1024.jpg\" alt=\"\" class=\"wp-image-8075\" srcset=\"https:\/\/ustiniands.com\/wp-content\/uploads\/2025\/07\/SKU-01-\u8499\u5a1c\u4e3d\u838e-1024x1024.jpg 1024w, https:\/\/ustiniands.com\/wp-content\/uploads\/2025\/07\/SKU-01-\u8499\u5a1c\u4e3d\u838e-300x300.jpg 300w, https:\/\/ustiniands.com\/wp-content\/uploads\/2025\/07\/SKU-01-\u8499\u5a1c\u4e3d\u838e-150x150.jpg 150w, https:\/\/ustiniands.com\/wp-content\/uploads\/2025\/07\/SKU-01-\u8499\u5a1c\u4e3d\u838e-768x768.jpg 768w, https:\/\/ustiniands.com\/wp-content\/uploads\/2025\/07\/SKU-01-\u8499\u5a1c\u4e3d\u838e-12x12.jpg 12w, https:\/\/ustiniands.com\/wp-content\/uploads\/2025\/07\/SKU-01-\u8499\u5a1c\u4e3d\u838e-990x990.jpg 990w, https:\/\/ustiniands.com\/wp-content\/uploads\/2025\/07\/SKU-01-\u8499\u5a1c\u4e3d\u838e-441x441.jpg 441w, https:\/\/ustiniands.com\/wp-content\/uploads\/2025\/07\/SKU-01-\u8499\u5a1c\u4e3d\u838e-100x100.jpg 100w, https:\/\/ustiniands.com\/wp-content\/uploads\/2025\/07\/SKU-01-\u8499\u5a1c\u4e3d\u838e-800x800.jpg 800w, https:\/\/ustiniands.com\/wp-content\/uploads\/2025\/07\/SKU-01-\u8499\u5a1c\u4e3d\u838e-500x500.jpg 500w, https:\/\/ustiniands.com\/wp-content\/uploads\/2025\/07\/SKU-01-\u8499\u5a1c\u4e3d\u838e-40x40.jpg 40w, https:\/\/ustiniands.com\/wp-content\/uploads\/2025\/07\/SKU-01-\u8499\u5a1c\u4e3d\u838e.jpg 1500w\" sizes=\"(max-width: 1024px) 100vw, 1024px\" \/><\/figure>\n\n\n\n<figure class=\"wp-block-image size-large\"><img decoding=\"async\" width=\"1024\" height=\"1024\" data-id=\"8076\" src=\"https:\/\/ustiniands.com\/wp-content\/uploads\/2025\/07\/SKU-02-\u63a5\u543b-1024x1024.jpg\" alt=\"\" class=\"wp-image-8076\" srcset=\"https:\/\/ustiniands.com\/wp-content\/uploads\/2025\/07\/SKU-02-\u63a5\u543b-1024x1024.jpg 1024w, https:\/\/ustiniands.com\/wp-content\/uploads\/2025\/07\/SKU-02-\u63a5\u543b-300x300.jpg 300w, https:\/\/ustiniands.com\/wp-content\/uploads\/2025\/07\/SKU-02-\u63a5\u543b-150x150.jpg 150w, https:\/\/ustiniands.com\/wp-content\/uploads\/2025\/07\/SKU-02-\u63a5\u543b-768x768.jpg 768w, https:\/\/ustiniands.com\/wp-content\/uploads\/2025\/07\/SKU-02-\u63a5\u543b-12x12.jpg 12w, https:\/\/ustiniands.com\/wp-content\/uploads\/2025\/07\/SKU-02-\u63a5\u543b-990x990.jpg 990w, https:\/\/ustiniands.com\/wp-content\/uploads\/2025\/07\/SKU-02-\u63a5\u543b-441x441.jpg 441w, https:\/\/ustiniands.com\/wp-content\/uploads\/2025\/07\/SKU-02-\u63a5\u543b-100x100.jpg 100w, https:\/\/ustiniands.com\/wp-content\/uploads\/2025\/07\/SKU-02-\u63a5\u543b-800x800.jpg 800w, https:\/\/ustiniands.com\/wp-content\/uploads\/2025\/07\/SKU-02-\u63a5\u543b-500x500.jpg 500w, https:\/\/ustiniands.com\/wp-content\/uploads\/2025\/07\/SKU-02-\u63a5\u543b-40x40.jpg 40w, https:\/\/ustiniands.com\/wp-content\/uploads\/2025\/07\/SKU-02-\u63a5\u543b.jpg 1500w\" sizes=\"(max-width: 1024px) 100vw, 1024px\" \/><\/figure>\n\n\n\n<figure class=\"wp-block-image size-large\"><img loading=\"lazy\" decoding=\"async\" width=\"1024\" height=\"1024\" data-id=\"8078\" src=\"https:\/\/ustiniands.com\/wp-content\/uploads\/2025\/07\/SKU-03-\u6d77\u6d6a-1024x1024.jpg\" alt=\"\" class=\"wp-image-8078\" srcset=\"https:\/\/ustiniands.com\/wp-content\/uploads\/2025\/07\/SKU-03-\u6d77\u6d6a-1024x1024.jpg 1024w, https:\/\/ustiniands.com\/wp-content\/uploads\/2025\/07\/SKU-03-\u6d77\u6d6a-300x300.jpg 300w, https:\/\/ustiniands.com\/wp-content\/uploads\/2025\/07\/SKU-03-\u6d77\u6d6a-150x150.jpg 150w, https:\/\/ustiniands.com\/wp-content\/uploads\/2025\/07\/SKU-03-\u6d77\u6d6a-768x768.jpg 768w, https:\/\/ustiniands.com\/wp-content\/uploads\/2025\/07\/SKU-03-\u6d77\u6d6a-12x12.jpg 12w, https:\/\/ustiniands.com\/wp-content\/uploads\/2025\/07\/SKU-03-\u6d77\u6d6a-990x990.jpg 990w, https:\/\/ustiniands.com\/wp-content\/uploads\/2025\/07\/SKU-03-\u6d77\u6d6a-441x441.jpg 441w, https:\/\/ustiniands.com\/wp-content\/uploads\/2025\/07\/SKU-03-\u6d77\u6d6a-100x100.jpg 100w, https:\/\/ustiniands.com\/wp-content\/uploads\/2025\/07\/SKU-03-\u6d77\u6d6a-800x800.jpg 800w, https:\/\/ustiniands.com\/wp-content\/uploads\/2025\/07\/SKU-03-\u6d77\u6d6a-500x500.jpg 500w, https:\/\/ustiniands.com\/wp-content\/uploads\/2025\/07\/SKU-03-\u6d77\u6d6a-40x40.jpg 40w, https:\/\/ustiniands.com\/wp-content\/uploads\/2025\/07\/SKU-03-\u6d77\u6d6a.jpg 1500w\" sizes=\"(max-width: 1024px) 100vw, 1024px\" \/><\/figure>\n\n\n\n<figure class=\"wp-block-image size-large\"><img loading=\"lazy\" decoding=\"async\" width=\"1024\" height=\"1024\" data-id=\"8077\" src=\"https:\/\/ustiniands.com\/wp-content\/uploads\/2025\/07\/SKU-04-\u73cd\u73e0\u5973-1024x1024.jpg\" alt=\"\" class=\"wp-image-8077\" srcset=\"https:\/\/ustiniands.com\/wp-content\/uploads\/2025\/07\/SKU-04-\u73cd\u73e0\u5973-1024x1024.jpg 1024w, https:\/\/ustiniands.com\/wp-content\/uploads\/2025\/07\/SKU-04-\u73cd\u73e0\u5973-300x300.jpg 300w, https:\/\/ustiniands.com\/wp-content\/uploads\/2025\/07\/SKU-04-\u73cd\u73e0\u5973-150x150.jpg 150w, https:\/\/ustiniands.com\/wp-content\/uploads\/2025\/07\/SKU-04-\u73cd\u73e0\u5973-768x768.jpg 768w, https:\/\/ustiniands.com\/wp-content\/uploads\/2025\/07\/SKU-04-\u73cd\u73e0\u5973-12x12.jpg 12w, https:\/\/ustiniands.com\/wp-content\/uploads\/2025\/07\/SKU-04-\u73cd\u73e0\u5973-990x990.jpg 990w, https:\/\/ustiniands.com\/wp-content\/uploads\/2025\/07\/SKU-04-\u73cd\u73e0\u5973-441x441.jpg 441w, https:\/\/ustiniands.com\/wp-content\/uploads\/2025\/07\/SKU-04-\u73cd\u73e0\u5973-100x100.jpg 100w, https:\/\/ustiniands.com\/wp-content\/uploads\/2025\/07\/SKU-04-\u73cd\u73e0\u5973-800x800.jpg 800w, https:\/\/ustiniands.com\/wp-content\/uploads\/2025\/07\/SKU-04-\u73cd\u73e0\u5973-500x500.jpg 500w, https:\/\/ustiniands.com\/wp-content\/uploads\/2025\/07\/SKU-04-\u73cd\u73e0\u5973-40x40.jpg 40w, https:\/\/ustiniands.com\/wp-content\/uploads\/2025\/07\/SKU-04-\u73cd\u73e0\u5973.jpg 1500w\" sizes=\"(max-width: 1024px) 100vw, 1024px\" \/><\/figure>\n\n\n\n<figure class=\"wp-block-image size-large\"><img loading=\"lazy\" decoding=\"async\" width=\"1024\" height=\"1024\" data-id=\"8079\" src=\"https:\/\/ustiniands.com\/wp-content\/uploads\/2025\/07\/SKU-05-\u60ca\u6050-1024x1024.jpg\" alt=\"\" class=\"wp-image-8079\" srcset=\"https:\/\/ustiniands.com\/wp-content\/uploads\/2025\/07\/SKU-05-\u60ca\u6050-1024x1024.jpg 1024w, https:\/\/ustiniands.com\/wp-content\/uploads\/2025\/07\/SKU-05-\u60ca\u6050-300x300.jpg 300w, https:\/\/ustiniands.com\/wp-content\/uploads\/2025\/07\/SKU-05-\u60ca\u6050-150x150.jpg 150w, https:\/\/ustiniands.com\/wp-content\/uploads\/2025\/07\/SKU-05-\u60ca\u6050-768x768.jpg 768w, https:\/\/ustiniands.com\/wp-content\/uploads\/2025\/07\/SKU-05-\u60ca\u6050-12x12.jpg 12w, https:\/\/ustiniands.com\/wp-content\/uploads\/2025\/07\/SKU-05-\u60ca\u6050-990x990.jpg 990w, https:\/\/ustiniands.com\/wp-content\/uploads\/2025\/07\/SKU-05-\u60ca\u6050-441x441.jpg 441w, https:\/\/ustiniands.com\/wp-content\/uploads\/2025\/07\/SKU-05-\u60ca\u6050-100x100.jpg 100w, https:\/\/ustiniands.com\/wp-content\/uploads\/2025\/07\/SKU-05-\u60ca\u6050-800x800.jpg 800w, https:\/\/ustiniands.com\/wp-content\/uploads\/2025\/07\/SKU-05-\u60ca\u6050-500x500.jpg 500w, https:\/\/ustiniands.com\/wp-content\/uploads\/2025\/07\/SKU-05-\u60ca\u6050-40x40.jpg 40w, https:\/\/ustiniands.com\/wp-content\/uploads\/2025\/07\/SKU-05-\u60ca\u6050.jpg 1500w\" sizes=\"(max-width: 1024px) 100vw, 1024px\" \/><\/figure>\n\n\n\n<figure class=\"wp-block-image size-large\"><img loading=\"lazy\" decoding=\"async\" width=\"1024\" height=\"1024\" data-id=\"8080\" src=\"https:\/\/ustiniands.com\/wp-content\/uploads\/2025\/07\/SKU-06-\u661f\u7a7a-1024x1024.jpg\" alt=\"\" class=\"wp-image-8080\" srcset=\"https:\/\/ustiniands.com\/wp-content\/uploads\/2025\/07\/SKU-06-\u661f\u7a7a-1024x1024.jpg 1024w, https:\/\/ustiniands.com\/wp-content\/uploads\/2025\/07\/SKU-06-\u661f\u7a7a-300x300.jpg 300w, https:\/\/ustiniands.com\/wp-content\/uploads\/2025\/07\/SKU-06-\u661f\u7a7a-150x150.jpg 150w, https:\/\/ustiniands.com\/wp-content\/uploads\/2025\/07\/SKU-06-\u661f\u7a7a-768x768.jpg 768w, https:\/\/ustiniands.com\/wp-content\/uploads\/2025\/07\/SKU-06-\u661f\u7a7a-12x12.jpg 12w, https:\/\/ustiniands.com\/wp-content\/uploads\/2025\/07\/SKU-06-\u661f\u7a7a-990x990.jpg 990w, https:\/\/ustiniands.com\/wp-content\/uploads\/2025\/07\/SKU-06-\u661f\u7a7a-441x441.jpg 441w, https:\/\/ustiniands.com\/wp-content\/uploads\/2025\/07\/SKU-06-\u661f\u7a7a-100x100.jpg 100w, https:\/\/ustiniands.com\/wp-content\/uploads\/2025\/07\/SKU-06-\u661f\u7a7a-800x800.jpg 800w, https:\/\/ustiniands.com\/wp-content\/uploads\/2025\/07\/SKU-06-\u661f\u7a7a-500x500.jpg 500w, https:\/\/ustiniands.com\/wp-content\/uploads\/2025\/07\/SKU-06-\u661f\u7a7a-40x40.jpg 40w, https:\/\/ustiniands.com\/wp-content\/uploads\/2025\/07\/SKU-06-\u661f\u7a7a.jpg 1500w\" sizes=\"(max-width: 1024px) 100vw, 1024px\" \/><\/figure>\n<\/figure>","protected":false},"excerpt":{"rendered":"","protected":false},"featured_media":8093,"comment_status":"open","ping_status":"closed","template":"","meta":[],"product_brand":[],"product_cat":[100,103,101,102],"product_tag":[],"class_list":{"0":"post-8073","1":"product","2":"type-product","3":"status-publish","4":"has-post-thumbnail","6":"product_cat-all-socks","7":"product_cat-kids","8":"product_cat-men","9":"product_cat-women","11":"first","12":"instock","13":"sale","14":"shipping-taxable","15":"purchasable","16":"product-type-variable"},"_links":{"self":[{"href":"https:\/\/ustiniands.com\/fr\/wp-json\/wp\/v2\/product\/8073","targetHints":{"allow":["GET"]}}],"collection":[{"href":"https:\/\/ustiniands.com\/fr\/wp-json\/wp\/v2\/product"}],"about":[{"href":"https:\/\/ustiniands.com\/fr\/wp-json\/wp\/v2\/types\/product"}],"replies":[{"embeddable":true,"href":"https:\/\/ustiniands.com\/fr\/wp-json\/wp\/v2\/comments?post=8073"}],"wp:featuredmedia":[{"embeddable":true,"href":"https:\/\/ustiniands.com\/fr\/wp-json\/wp\/v2\/media\/8093"}],"wp:attachment":[{"href":"https:\/\/ustiniands.com\/fr\/wp-json\/wp\/v2\/media?parent=8073"}],"wp:term":[{"taxonomy":"product_brand","embeddable":true,"href":"https:\/\/ustiniands.com\/fr\/wp-json\/wp\/v2\/product_brand?post=8073"},{"taxonomy":"product_cat","embeddable":true,"href":"https:\/\/ustiniands.com\/fr\/wp-json\/wp\/v2\/product_cat?post=8073"},{"taxonomy":"product_tag","embeddable":true,"href":"https:\/\/ustiniands.com\/fr\/wp-json\/wp\/v2\/product_tag?post=8073"}],"curies":[{"name":"wp","href":"https:\/\/api.w.org\/{rel}","templated":true}]}}