{"id":7762,"date":"2025-06-26T09:23:36","date_gmt":"2025-06-26T09:23:36","guid":{"rendered":"https:\/\/ustiniands.com\/?post_type=product&#038;p=7762"},"modified":"2025-07-04T06:06:30","modified_gmt":"2025-07-04T06:06:30","slug":"seasons-greetings-knee-high-socks","status":"publish","type":"product","link":"https:\/\/ustiniands.com\/fr\/produit\/seasons-greetings-knee-high-socks\/","title":{"rendered":"Bonjour \u00e0 toutes et \u00e0 tous ! Chaussettes \u00e0 hauteur de genou"},"content":{"rendered":"<figure class=\"wp-block-image size-full is-resized\"><img fetchpriority=\"high\" decoding=\"async\" width=\"610\" height=\"610\" src=\"https:\/\/ustiniands.com\/wp-content\/uploads\/2025\/06\/1750929713565.png\" alt=\"\" class=\"wp-image-7769\" style=\"width:900px;height:auto\" srcset=\"https:\/\/ustiniands.com\/wp-content\/uploads\/2025\/06\/1750929713565.png 610w, https:\/\/ustiniands.com\/wp-content\/uploads\/2025\/06\/1750929713565-300x300.png 300w, https:\/\/ustiniands.com\/wp-content\/uploads\/2025\/06\/1750929713565-150x150.png 150w, https:\/\/ustiniands.com\/wp-content\/uploads\/2025\/06\/1750929713565-12x12.png 12w, https:\/\/ustiniands.com\/wp-content\/uploads\/2025\/06\/1750929713565-441x441.png 441w, https:\/\/ustiniands.com\/wp-content\/uploads\/2025\/06\/1750929713565-100x100.png 100w, https:\/\/ustiniands.com\/wp-content\/uploads\/2025\/06\/1750929713565-500x500.png 500w, https:\/\/ustiniands.com\/wp-content\/uploads\/2025\/06\/1750929713565-40x40.png 40w\" sizes=\"(max-width: 610px) 100vw, 610px\" \/><\/figure>\n\n\n\n<ul class=\"wp-block-list\">\n<li><strong>Rester en \u00e9veil<\/strong><\/li>\n\n\n\n<li>Une tenue imbattable tout au long de la journ\u00e9e.<\/li>\n<\/ul>\n\n\n\n<figure class=\"wp-block-image size-full is-resized\"><img decoding=\"async\" width=\"610\" height=\"610\" src=\"https:\/\/ustiniands.com\/wp-content\/uploads\/2025\/06\/1750929716588.png\" alt=\"\" class=\"wp-image-7770\" style=\"width:900px;height:auto\" srcset=\"https:\/\/ustiniands.com\/wp-content\/uploads\/2025\/06\/1750929716588.png 610w, https:\/\/ustiniands.com\/wp-content\/uploads\/2025\/06\/1750929716588-300x300.png 300w, https:\/\/ustiniands.com\/wp-content\/uploads\/2025\/06\/1750929716588-150x150.png 150w, https:\/\/ustiniands.com\/wp-content\/uploads\/2025\/06\/1750929716588-12x12.png 12w, https:\/\/ustiniands.com\/wp-content\/uploads\/2025\/06\/1750929716588-441x441.png 441w, https:\/\/ustiniands.com\/wp-content\/uploads\/2025\/06\/1750929716588-100x100.png 100w, https:\/\/ustiniands.com\/wp-content\/uploads\/2025\/06\/1750929716588-500x500.png 500w, https:\/\/ustiniands.com\/wp-content\/uploads\/2025\/06\/1750929716588-40x40.png 40w\" sizes=\"(max-width: 610px) 100vw, 610px\" \/><\/figure>\n\n\n\n<ul class=\"wp-block-list\">\n<li><strong>Talon renforc\u00e9<\/strong><\/li>\n\n\n\n<li>Talon et pointe renforc\u00e9s en 2 couches pour une meilleure durabilit\u00e9.<\/li>\n<\/ul>\n\n\n\n<figure class=\"wp-block-image size-full is-resized\"><img decoding=\"async\" width=\"610\" height=\"610\" src=\"https:\/\/ustiniands.com\/wp-content\/uploads\/2025\/06\/1750929720244.png\" alt=\"\" class=\"wp-image-7771\" style=\"width:900px;height:auto\" srcset=\"https:\/\/ustiniands.com\/wp-content\/uploads\/2025\/06\/1750929720244.png 610w, https:\/\/ustiniands.com\/wp-content\/uploads\/2025\/06\/1750929720244-300x300.png 300w, https:\/\/ustiniands.com\/wp-content\/uploads\/2025\/06\/1750929720244-150x150.png 150w, https:\/\/ustiniands.com\/wp-content\/uploads\/2025\/06\/1750929720244-12x12.png 12w, https:\/\/ustiniands.com\/wp-content\/uploads\/2025\/06\/1750929720244-441x441.png 441w, https:\/\/ustiniands.com\/wp-content\/uploads\/2025\/06\/1750929720244-100x100.png 100w, https:\/\/ustiniands.com\/wp-content\/uploads\/2025\/06\/1750929720244-500x500.png 500w, https:\/\/ustiniands.com\/wp-content\/uploads\/2025\/06\/1750929720244-40x40.png 40w\" sizes=\"(max-width: 610px) 100vw, 610px\" \/><\/figure>","protected":false},"excerpt":{"rendered":"<p>Mettez la main \u00e0 la p\u00e2te avec les chaussettes montantes aux \u00e9pices de Kithcen, qui allient l'esprit de f\u00eate au confort douillet. Parfaites pour les f\u00eates de fin d'ann\u00e9e ou pour se pr\u00e9lasser au coin du feu, ces motifs audacieux et ludiques ajoutent juste ce qu'il faut \u00e0 votre style pour qu'il soit \u00e9clatant tout au long de la saison.<\/p>","protected":false},"featured_media":7769,"comment_status":"open","ping_status":"closed","template":"","meta":[],"product_brand":[],"product_cat":[100,103],"product_tag":[],"class_list":{"0":"post-7762","1":"product","2":"type-product","3":"status-publish","4":"has-post-thumbnail","6":"product_cat-all-socks","7":"product_cat-kids","9":"first","10":"instock","11":"shipping-taxable","12":"purchasable","13":"product-type-simple"},"_links":{"self":[{"href":"https:\/\/ustiniands.com\/fr\/wp-json\/wp\/v2\/product\/7762","targetHints":{"allow":["GET"]}}],"collection":[{"href":"https:\/\/ustiniands.com\/fr\/wp-json\/wp\/v2\/product"}],"about":[{"href":"https:\/\/ustiniands.com\/fr\/wp-json\/wp\/v2\/types\/product"}],"replies":[{"embeddable":true,"href":"https:\/\/ustiniands.com\/fr\/wp-json\/wp\/v2\/comments?post=7762"}],"wp:featuredmedia":[{"embeddable":true,"href":"https:\/\/ustiniands.com\/fr\/wp-json\/wp\/v2\/media\/7769"}],"wp:attachment":[{"href":"https:\/\/ustiniands.com\/fr\/wp-json\/wp\/v2\/media?parent=7762"}],"wp:term":[{"taxonomy":"product_brand","embeddable":true,"href":"https:\/\/ustiniands.com\/fr\/wp-json\/wp\/v2\/product_brand?post=7762"},{"taxonomy":"product_cat","embeddable":true,"href":"https:\/\/ustiniands.com\/fr\/wp-json\/wp\/v2\/product_cat?post=7762"},{"taxonomy":"product_tag","embeddable":true,"href":"https:\/\/ustiniands.com\/fr\/wp-json\/wp\/v2\/product_tag?post=7762"}],"curies":[{"name":"wp","href":"https:\/\/api.w.org\/{rel}","templated":true}]}}