{"id":7726,"date":"2025-06-26T08:40:50","date_gmt":"2025-06-26T08:40:50","guid":{"rendered":"https:\/\/ustiniands.com\/?post_type=product&#038;p=7726"},"modified":"2025-12-27T15:44:24","modified_gmt":"2025-12-27T15:44:24","slug":"sasquatch-camp-out-mens-crew-socks","status":"publish","type":"product","link":"https:\/\/ustiniands.com\/fr\/produit\/sasquatch-camp-out-mens-crew-socks\/","title":{"rendered":"Chaussettes Hommes Sasquatch Camp Out"},"content":{"rendered":"<figure class=\"wp-block-image size-full is-resized\"><img fetchpriority=\"high\" decoding=\"async\" width=\"610\" height=\"610\" src=\"https:\/\/ustiniands.com\/wp-content\/uploads\/2025\/06\/1750926953051-1.png\" alt=\"\" class=\"wp-image-7732\" style=\"width:900px;height:auto\" srcset=\"https:\/\/ustiniands.com\/wp-content\/uploads\/2025\/06\/1750926953051-1.png 610w, https:\/\/ustiniands.com\/wp-content\/uploads\/2025\/06\/1750926953051-1-300x300.png 300w, https:\/\/ustiniands.com\/wp-content\/uploads\/2025\/06\/1750926953051-1-150x150.png 150w, https:\/\/ustiniands.com\/wp-content\/uploads\/2025\/06\/1750926953051-1-12x12.png 12w, https:\/\/ustiniands.com\/wp-content\/uploads\/2025\/06\/1750926953051-1-441x441.png 441w, https:\/\/ustiniands.com\/wp-content\/uploads\/2025\/06\/1750926953051-1-100x100.png 100w, https:\/\/ustiniands.com\/wp-content\/uploads\/2025\/06\/1750926953051-1-500x500.png 500w, https:\/\/ustiniands.com\/wp-content\/uploads\/2025\/06\/1750926953051-1-40x40.png 40w\" sizes=\"(max-width: 610px) 100vw, 610px\" \/><\/figure>\n\n\n\n<ul class=\"wp-block-list\">\n<li><strong>Rester en \u00e9veil<\/strong><\/li>\n\n\n\n<li>Une tenue imbattable tout au long de la journ\u00e9e.<\/li>\n<\/ul>\n\n\n\n<figure class=\"wp-block-image size-full is-resized\"><img decoding=\"async\" width=\"610\" height=\"610\" src=\"https:\/\/ustiniands.com\/wp-content\/uploads\/2025\/06\/1750926960853-1.png\" alt=\"\" class=\"wp-image-7733\" style=\"width:900px;height:auto\" srcset=\"https:\/\/ustiniands.com\/wp-content\/uploads\/2025\/06\/1750926960853-1.png 610w, https:\/\/ustiniands.com\/wp-content\/uploads\/2025\/06\/1750926960853-1-300x300.png 300w, https:\/\/ustiniands.com\/wp-content\/uploads\/2025\/06\/1750926960853-1-150x150.png 150w, https:\/\/ustiniands.com\/wp-content\/uploads\/2025\/06\/1750926960853-1-12x12.png 12w, https:\/\/ustiniands.com\/wp-content\/uploads\/2025\/06\/1750926960853-1-441x441.png 441w, https:\/\/ustiniands.com\/wp-content\/uploads\/2025\/06\/1750926960853-1-100x100.png 100w, https:\/\/ustiniands.com\/wp-content\/uploads\/2025\/06\/1750926960853-1-500x500.png 500w, https:\/\/ustiniands.com\/wp-content\/uploads\/2025\/06\/1750926960853-1-40x40.png 40w\" sizes=\"(max-width: 610px) 100vw, 610px\" \/><\/figure>\n\n\n\n<ul class=\"wp-block-list\">\n<li><strong>Talon renforc\u00e9<\/strong><\/li>\n\n\n\n<li>Talon et pointe renforc\u00e9s en 2 couches pour une meilleure durabilit\u00e9.<\/li>\n<\/ul>\n\n\n\n<p><\/p>","protected":false},"excerpt":{"rendered":"<p>\u00catre Sasquatch, c'est stressant. C'est un travail de 24 heures par jour, 7 jours par semaine. Sans parler de toutes les r\u00e9unions de Sasquatch et des d\u00e9lais serr\u00e9s \u00e0 respecter. Parfois, m\u00eame Sasquatch a besoin de d\u00e9compresser. Et s'il est vrai qu'il vit d\u00e9j\u00e0 dans les bois, cela ne veut pas dire qu'un week-end de camping ne fera pas des merveilles pour sa tranquillit\u00e9 d'esprit. \u00c9teignez votre t\u00e9l\u00e9phone, faites griller des marshmallows et chantez des chansons de feu de camp. Apr\u00e8s cela, c'est le retour au travail. Au moins, vous pourrez porter ces chaussettes Sasquatch Camp Out Crew Socks lorsque vous retournerez au bureau.<\/p>","protected":false},"featured_media":7728,"comment_status":"open","ping_status":"closed","template":"","meta":[],"product_brand":[],"product_cat":[100],"product_tag":[],"class_list":{"0":"post-7726","1":"product","2":"type-product","3":"status-publish","4":"has-post-thumbnail","6":"product_cat-all-socks","8":"first","9":"instock","10":"shipping-taxable","11":"purchasable","12":"product-type-simple"},"_links":{"self":[{"href":"https:\/\/ustiniands.com\/fr\/wp-json\/wp\/v2\/product\/7726","targetHints":{"allow":["GET"]}}],"collection":[{"href":"https:\/\/ustiniands.com\/fr\/wp-json\/wp\/v2\/product"}],"about":[{"href":"https:\/\/ustiniands.com\/fr\/wp-json\/wp\/v2\/types\/product"}],"replies":[{"embeddable":true,"href":"https:\/\/ustiniands.com\/fr\/wp-json\/wp\/v2\/comments?post=7726"}],"wp:featuredmedia":[{"embeddable":true,"href":"https:\/\/ustiniands.com\/fr\/wp-json\/wp\/v2\/media\/7728"}],"wp:attachment":[{"href":"https:\/\/ustiniands.com\/fr\/wp-json\/wp\/v2\/media?parent=7726"}],"wp:term":[{"taxonomy":"product_brand","embeddable":true,"href":"https:\/\/ustiniands.com\/fr\/wp-json\/wp\/v2\/product_brand?post=7726"},{"taxonomy":"product_cat","embeddable":true,"href":"https:\/\/ustiniands.com\/fr\/wp-json\/wp\/v2\/product_cat?post=7726"},{"taxonomy":"product_tag","embeddable":true,"href":"https:\/\/ustiniands.com\/fr\/wp-json\/wp\/v2\/product_tag?post=7726"}],"curies":[{"name":"wp","href":"https:\/\/api.w.org\/{rel}","templated":true}]}}