{"id":7761,"date":"2025-06-26T09:26:10","date_gmt":"2025-06-26T09:26:10","guid":{"rendered":"https:\/\/ustiniands.com\/?post_type=product&#038;p=7761"},"modified":"2025-07-04T06:06:25","modified_gmt":"2025-07-04T06:06:25","slug":"are-you-chicken-me-out-knee-high-socks","status":"publish","type":"product","link":"https:\/\/ustiniands.com\/es\/producto\/are-you-chicken-me-out-knee-high-socks\/","title":{"rendered":"\u00bfMe est\u00e1s acobardando? Calcetines hasta la rodilla"},"content":{"rendered":"<figure class=\"wp-block-image size-full is-resized\"><img fetchpriority=\"high\" decoding=\"async\" width=\"610\" height=\"610\" src=\"https:\/\/ustiniands.com\/wp-content\/uploads\/2025\/06\/1750929834364.png\" alt=\"\" class=\"wp-image-7772\" style=\"width:900px;height:auto\" srcset=\"https:\/\/ustiniands.com\/wp-content\/uploads\/2025\/06\/1750929834364.png 610w, https:\/\/ustiniands.com\/wp-content\/uploads\/2025\/06\/1750929834364-300x300.png 300w, https:\/\/ustiniands.com\/wp-content\/uploads\/2025\/06\/1750929834364-150x150.png 150w, https:\/\/ustiniands.com\/wp-content\/uploads\/2025\/06\/1750929834364-12x12.png 12w, https:\/\/ustiniands.com\/wp-content\/uploads\/2025\/06\/1750929834364-441x441.png 441w, https:\/\/ustiniands.com\/wp-content\/uploads\/2025\/06\/1750929834364-100x100.png 100w, https:\/\/ustiniands.com\/wp-content\/uploads\/2025\/06\/1750929834364-500x500.png 500w, https:\/\/ustiniands.com\/wp-content\/uploads\/2025\/06\/1750929834364-40x40.png 40w\" sizes=\"(max-width: 610px) 100vw, 610px\" \/><\/figure>\n\n\n\n<ul class=\"wp-block-list\">\n<li><strong>Stay Up Power<\/strong><\/li>\n\n\n\n<li>Inmejorable poder de permanencia durante todo el d\u00eda.<\/li>\n<\/ul>\n\n\n\n<figure class=\"wp-block-image size-full is-resized\"><img decoding=\"async\" width=\"610\" height=\"610\" src=\"https:\/\/ustiniands.com\/wp-content\/uploads\/2025\/06\/1750929836402.png\" alt=\"\" class=\"wp-image-7773\" style=\"width:900px;height:auto\" srcset=\"https:\/\/ustiniands.com\/wp-content\/uploads\/2025\/06\/1750929836402.png 610w, https:\/\/ustiniands.com\/wp-content\/uploads\/2025\/06\/1750929836402-300x300.png 300w, https:\/\/ustiniands.com\/wp-content\/uploads\/2025\/06\/1750929836402-150x150.png 150w, https:\/\/ustiniands.com\/wp-content\/uploads\/2025\/06\/1750929836402-12x12.png 12w, https:\/\/ustiniands.com\/wp-content\/uploads\/2025\/06\/1750929836402-441x441.png 441w, https:\/\/ustiniands.com\/wp-content\/uploads\/2025\/06\/1750929836402-100x100.png 100w, https:\/\/ustiniands.com\/wp-content\/uploads\/2025\/06\/1750929836402-500x500.png 500w, https:\/\/ustiniands.com\/wp-content\/uploads\/2025\/06\/1750929836402-40x40.png 40w\" sizes=\"(max-width: 610px) 100vw, 610px\" \/><\/figure>\n\n\n\n<ul class=\"wp-block-list\">\n<li><strong>Tal\u00f3n reforzado<\/strong><\/li>\n\n\n\n<li>Tal\u00f3n y puntera reforzados de 2 capas para mayor durabilidad.<br><\/li>\n<\/ul>\n\n\n\n<figure class=\"wp-block-image size-full is-resized\"><img decoding=\"async\" width=\"610\" height=\"610\" src=\"https:\/\/ustiniands.com\/wp-content\/uploads\/2025\/06\/1750929838789.png\" alt=\"\" class=\"wp-image-7774\" style=\"width:900px;height:auto\" srcset=\"https:\/\/ustiniands.com\/wp-content\/uploads\/2025\/06\/1750929838789.png 610w, https:\/\/ustiniands.com\/wp-content\/uploads\/2025\/06\/1750929838789-300x300.png 300w, https:\/\/ustiniands.com\/wp-content\/uploads\/2025\/06\/1750929838789-150x150.png 150w, https:\/\/ustiniands.com\/wp-content\/uploads\/2025\/06\/1750929838789-12x12.png 12w, https:\/\/ustiniands.com\/wp-content\/uploads\/2025\/06\/1750929838789-441x441.png 441w, https:\/\/ustiniands.com\/wp-content\/uploads\/2025\/06\/1750929838789-100x100.png 100w, https:\/\/ustiniands.com\/wp-content\/uploads\/2025\/06\/1750929838789-500x500.png 500w, https:\/\/ustiniands.com\/wp-content\/uploads\/2025\/06\/1750929838789-40x40.png 40w\" sizes=\"(max-width: 610px) 100vw, 610px\" \/><\/figure>","protected":false},"excerpt":{"rendered":"<p>\u00a1Cluck s\u00ed! Estos calcetines de pollo hasta la rodilla son de todo menos normales. Con un atrevido estilo de corral y un ajuste c\u00f3modo, son perfectos para a\u00f1adir un toque divertido a tu atuendo. Tanto si est\u00e1s en la granja como si vas por ah\u00ed, \u00a1estos calcetines son divertidos!<\/p>","protected":false},"featured_media":7772,"comment_status":"open","ping_status":"closed","template":"","meta":[],"product_brand":[],"product_cat":[100,102],"product_tag":[],"class_list":{"0":"post-7761","1":"product","2":"type-product","3":"status-publish","4":"has-post-thumbnail","6":"product_cat-all-socks","7":"product_cat-women","9":"first","10":"instock","11":"shipping-taxable","12":"purchasable","13":"product-type-simple"},"_links":{"self":[{"href":"https:\/\/ustiniands.com\/es\/wp-json\/wp\/v2\/product\/7761","targetHints":{"allow":["GET"]}}],"collection":[{"href":"https:\/\/ustiniands.com\/es\/wp-json\/wp\/v2\/product"}],"about":[{"href":"https:\/\/ustiniands.com\/es\/wp-json\/wp\/v2\/types\/product"}],"replies":[{"embeddable":true,"href":"https:\/\/ustiniands.com\/es\/wp-json\/wp\/v2\/comments?post=7761"}],"wp:featuredmedia":[{"embeddable":true,"href":"https:\/\/ustiniands.com\/es\/wp-json\/wp\/v2\/media\/7772"}],"wp:attachment":[{"href":"https:\/\/ustiniands.com\/es\/wp-json\/wp\/v2\/media?parent=7761"}],"wp:term":[{"taxonomy":"product_brand","embeddable":true,"href":"https:\/\/ustiniands.com\/es\/wp-json\/wp\/v2\/product_brand?post=7761"},{"taxonomy":"product_cat","embeddable":true,"href":"https:\/\/ustiniands.com\/es\/wp-json\/wp\/v2\/product_cat?post=7761"},{"taxonomy":"product_tag","embeddable":true,"href":"https:\/\/ustiniands.com\/es\/wp-json\/wp\/v2\/product_tag?post=7761"}],"curies":[{"name":"wp","href":"https:\/\/api.w.org\/{rel}","templated":true}]}}