{"id":7759,"date":"2025-06-26T09:18:53","date_gmt":"2025-06-26T09:18:53","guid":{"rendered":"https:\/\/ustiniands.com\/?post_type=product&#038;p=7759"},"modified":"2025-07-12T06:28:56","modified_gmt":"2025-07-12T06:28:56","slug":"philodendron-stretch-it-knee-high-socks","status":"publish","type":"product","link":"https:\/\/ustiniands.com\/es\/producto\/philodendron-stretch-it-knee-high-socks\/","title":{"rendered":"Calcetines altos Philodendron Stretch-It"},"content":{"rendered":"<figure class=\"wp-block-image size-full is-resized\"><img fetchpriority=\"high\" decoding=\"async\" width=\"610\" height=\"610\" src=\"https:\/\/ustiniands.com\/wp-content\/uploads\/2025\/06\/1750929372454.png\" alt=\"\" class=\"wp-image-7763\" style=\"width:900px;height:auto\" srcset=\"https:\/\/ustiniands.com\/wp-content\/uploads\/2025\/06\/1750929372454.png 610w, https:\/\/ustiniands.com\/wp-content\/uploads\/2025\/06\/1750929372454-300x300.png 300w, https:\/\/ustiniands.com\/wp-content\/uploads\/2025\/06\/1750929372454-150x150.png 150w, https:\/\/ustiniands.com\/wp-content\/uploads\/2025\/06\/1750929372454-12x12.png 12w, https:\/\/ustiniands.com\/wp-content\/uploads\/2025\/06\/1750929372454-441x441.png 441w, https:\/\/ustiniands.com\/wp-content\/uploads\/2025\/06\/1750929372454-100x100.png 100w, https:\/\/ustiniands.com\/wp-content\/uploads\/2025\/06\/1750929372454-500x500.png 500w, https:\/\/ustiniands.com\/wp-content\/uploads\/2025\/06\/1750929372454-40x40.png 40w\" sizes=\"(max-width: 610px) 100vw, 610px\" \/><\/figure>\n\n\n\n<ul class=\"wp-block-list\">\n<li><strong>Pantorrilla ancha<\/strong><br>Estiramiento de 21<\/li>\n\n\n\n<li>Hemos cumplido la petici\u00f3n n\u00famero uno de nuestros clientes y hemos desarrollado una tecnolog\u00eda propia para crear nuestros impresionantes dise\u00f1os en calcetines m\u00e1s el\u00e1sticos, de hasta 21 pulgadas de circunferencia, sin distorsionar los gr\u00e1ficos. Nuestra m\u00e1quina a medida crea calcetines altos con un mayor n\u00famero de hilos que no se caen, sea cual sea el tama\u00f1o de tu pierna.<\/li>\n<\/ul>\n\n\n\n<figure class=\"wp-block-image size-full is-resized\"><img decoding=\"async\" width=\"610\" height=\"610\" src=\"https:\/\/ustiniands.com\/wp-content\/uploads\/2025\/06\/1750929376571.png\" alt=\"\" class=\"wp-image-7764\" style=\"width:900px;height:auto\" srcset=\"https:\/\/ustiniands.com\/wp-content\/uploads\/2025\/06\/1750929376571.png 610w, https:\/\/ustiniands.com\/wp-content\/uploads\/2025\/06\/1750929376571-300x300.png 300w, https:\/\/ustiniands.com\/wp-content\/uploads\/2025\/06\/1750929376571-150x150.png 150w, https:\/\/ustiniands.com\/wp-content\/uploads\/2025\/06\/1750929376571-12x12.png 12w, https:\/\/ustiniands.com\/wp-content\/uploads\/2025\/06\/1750929376571-441x441.png 441w, https:\/\/ustiniands.com\/wp-content\/uploads\/2025\/06\/1750929376571-100x100.png 100w, https:\/\/ustiniands.com\/wp-content\/uploads\/2025\/06\/1750929376571-500x500.png 500w, https:\/\/ustiniands.com\/wp-content\/uploads\/2025\/06\/1750929376571-40x40.png 40w\" sizes=\"(max-width: 610px) 100vw, 610px\" \/><\/figure>\n\n\n\n<ul class=\"wp-block-list\">\n<li><strong>Stay Up Power<\/strong><\/li>\n\n\n\n<li>Inmejorable poder de permanencia durante todo el d\u00eda.<br><\/li>\n<\/ul>\n\n\n\n<figure class=\"wp-block-image size-full is-resized\"><img decoding=\"async\" width=\"610\" height=\"610\" src=\"https:\/\/ustiniands.com\/wp-content\/uploads\/2025\/06\/1750929392261.png\" alt=\"\" class=\"wp-image-7765\" style=\"width:900px;height:auto\" srcset=\"https:\/\/ustiniands.com\/wp-content\/uploads\/2025\/06\/1750929392261.png 610w, https:\/\/ustiniands.com\/wp-content\/uploads\/2025\/06\/1750929392261-300x300.png 300w, https:\/\/ustiniands.com\/wp-content\/uploads\/2025\/06\/1750929392261-150x150.png 150w, https:\/\/ustiniands.com\/wp-content\/uploads\/2025\/06\/1750929392261-12x12.png 12w, https:\/\/ustiniands.com\/wp-content\/uploads\/2025\/06\/1750929392261-441x441.png 441w, https:\/\/ustiniands.com\/wp-content\/uploads\/2025\/06\/1750929392261-100x100.png 100w, https:\/\/ustiniands.com\/wp-content\/uploads\/2025\/06\/1750929392261-500x500.png 500w, https:\/\/ustiniands.com\/wp-content\/uploads\/2025\/06\/1750929392261-40x40.png 40w\" sizes=\"(max-width: 610px) 100vw, 610px\" \/><\/figure>\n\n\n\n<ul class=\"wp-block-list\">\n<li><strong>Tal\u00f3n reforzado<\/strong><\/li>\n\n\n\n<li>Tal\u00f3n y puntera reforzados de 2 capas para mayor durabilidad.<br><br><br><\/li>\n<\/ul>","protected":false},"excerpt":{"rendered":"<p>Olv\u00eddate del estr\u00e9s con los calcetines anchos philodendron que combinan exuberantes vibraciones vegetales con comodidad para todo el d\u00eda. S\u00faper suaves y ultra el\u00e1sticos, estos calcetines de hojas son perfectos para los amantes de las plantas que buscan a\u00f1adir un poco de alegr\u00eda selv\u00e1tica a cada paso. Crecer nunca fue tan bonito.<\/p>","protected":false},"featured_media":7763,"comment_status":"open","ping_status":"closed","template":"","meta":[],"product_brand":[],"product_cat":[100,120,101],"product_tag":[],"class_list":{"0":"post-7759","1":"product","2":"type-product","3":"status-publish","4":"has-post-thumbnail","6":"product_cat-all-socks","7":"product_cat-flower-series-men","8":"product_cat-men","10":"first","11":"instock","12":"shipping-taxable","13":"purchasable","14":"product-type-simple"},"_links":{"self":[{"href":"https:\/\/ustiniands.com\/es\/wp-json\/wp\/v2\/product\/7759","targetHints":{"allow":["GET"]}}],"collection":[{"href":"https:\/\/ustiniands.com\/es\/wp-json\/wp\/v2\/product"}],"about":[{"href":"https:\/\/ustiniands.com\/es\/wp-json\/wp\/v2\/types\/product"}],"replies":[{"embeddable":true,"href":"https:\/\/ustiniands.com\/es\/wp-json\/wp\/v2\/comments?post=7759"}],"wp:featuredmedia":[{"embeddable":true,"href":"https:\/\/ustiniands.com\/es\/wp-json\/wp\/v2\/media\/7763"}],"wp:attachment":[{"href":"https:\/\/ustiniands.com\/es\/wp-json\/wp\/v2\/media?parent=7759"}],"wp:term":[{"taxonomy":"product_brand","embeddable":true,"href":"https:\/\/ustiniands.com\/es\/wp-json\/wp\/v2\/product_brand?post=7759"},{"taxonomy":"product_cat","embeddable":true,"href":"https:\/\/ustiniands.com\/es\/wp-json\/wp\/v2\/product_cat?post=7759"},{"taxonomy":"product_tag","embeddable":true,"href":"https:\/\/ustiniands.com\/es\/wp-json\/wp\/v2\/product_tag?post=7759"}],"curies":[{"name":"wp","href":"https:\/\/api.w.org\/{rel}","templated":true}]}}