{"id":7760,"date":"2025-06-26T09:21:30","date_gmt":"2025-06-26T09:21:30","guid":{"rendered":"https:\/\/ustiniands.com\/?post_type=product&#038;p=7760"},"modified":"2025-06-26T09:21:31","modified_gmt":"2025-06-26T09:21:31","slug":"llamaste-stretch-it-knee-high-socks","status":"publish","type":"product","link":"https:\/\/ustiniands.com\/de\/produkt\/llamaste-stretch-it-knee-high-socks\/","title":{"rendered":"Llamaste Stretch-It Kniestr\u00fcmpfe"},"content":{"rendered":"<figure class=\"wp-block-image size-full is-resized\"><img fetchpriority=\"high\" decoding=\"async\" width=\"610\" height=\"610\" src=\"https:\/\/ustiniands.com\/wp-content\/uploads\/2025\/06\/1750929559838.png\" alt=\"\" class=\"wp-image-7767\" style=\"width:900px;height:auto\" srcset=\"https:\/\/ustiniands.com\/wp-content\/uploads\/2025\/06\/1750929559838.png 610w, https:\/\/ustiniands.com\/wp-content\/uploads\/2025\/06\/1750929559838-300x300.png 300w, https:\/\/ustiniands.com\/wp-content\/uploads\/2025\/06\/1750929559838-150x150.png 150w, https:\/\/ustiniands.com\/wp-content\/uploads\/2025\/06\/1750929559838-12x12.png 12w, https:\/\/ustiniands.com\/wp-content\/uploads\/2025\/06\/1750929559838-441x441.png 441w, https:\/\/ustiniands.com\/wp-content\/uploads\/2025\/06\/1750929559838-100x100.png 100w, https:\/\/ustiniands.com\/wp-content\/uploads\/2025\/06\/1750929559838-500x500.png 500w, https:\/\/ustiniands.com\/wp-content\/uploads\/2025\/06\/1750929559838-40x40.png 40w\" sizes=\"(max-width: 610px) 100vw, 610px\" \/><\/figure>\n\n\n\n<ul class=\"wp-block-list\">\n<li><strong>Weite Wade<\/strong><br>21\" Stretch<\/li>\n\n\n\n<li>Wir haben unseren wichtigsten Kundenwunsch erf\u00fcllt und eine eigene Technologie entwickelt, mit der wir unsere fantastischen Designs auf dehnbarere Socken mit einem Umfang von bis zu 21 Zoll bringen k\u00f6nnen, ohne dass die Grafik verzerrt wird. Unsere speziell angefertigte Maschine erzeugt Kniestr\u00fcmpfe mit h\u00f6herer Fadenzahl, die nicht herunterfallen, unabh\u00e4ngig von deiner Beingr\u00f6\u00dfe.<\/li>\n<\/ul>\n\n\n\n<figure class=\"wp-block-image size-full is-resized\"><img decoding=\"async\" width=\"610\" height=\"610\" src=\"https:\/\/ustiniands.com\/wp-content\/uploads\/2025\/06\/1750929555377.png\" alt=\"\" class=\"wp-image-7766\" style=\"width:900px;height:auto\" srcset=\"https:\/\/ustiniands.com\/wp-content\/uploads\/2025\/06\/1750929555377.png 610w, https:\/\/ustiniands.com\/wp-content\/uploads\/2025\/06\/1750929555377-300x300.png 300w, https:\/\/ustiniands.com\/wp-content\/uploads\/2025\/06\/1750929555377-150x150.png 150w, https:\/\/ustiniands.com\/wp-content\/uploads\/2025\/06\/1750929555377-12x12.png 12w, https:\/\/ustiniands.com\/wp-content\/uploads\/2025\/06\/1750929555377-441x441.png 441w, https:\/\/ustiniands.com\/wp-content\/uploads\/2025\/06\/1750929555377-100x100.png 100w, https:\/\/ustiniands.com\/wp-content\/uploads\/2025\/06\/1750929555377-500x500.png 500w, https:\/\/ustiniands.com\/wp-content\/uploads\/2025\/06\/1750929555377-40x40.png 40w\" sizes=\"(max-width: 610px) 100vw, 610px\" \/><\/figure>\n\n\n\n<ul class=\"wp-block-list\">\n<li><strong>Stay Up Power<\/strong><\/li>\n\n\n\n<li>Un\u00fcbertroffener Halt f\u00fcr den ganzen Tag.<br><\/li>\n<\/ul>\n\n\n\n<figure class=\"wp-block-image size-full is-resized\"><img decoding=\"async\" width=\"610\" height=\"610\" src=\"https:\/\/ustiniands.com\/wp-content\/uploads\/2025\/06\/1750929563131.png\" alt=\"\" class=\"wp-image-7768\" style=\"width:900px;height:auto\" srcset=\"https:\/\/ustiniands.com\/wp-content\/uploads\/2025\/06\/1750929563131.png 610w, https:\/\/ustiniands.com\/wp-content\/uploads\/2025\/06\/1750929563131-300x300.png 300w, https:\/\/ustiniands.com\/wp-content\/uploads\/2025\/06\/1750929563131-150x150.png 150w, https:\/\/ustiniands.com\/wp-content\/uploads\/2025\/06\/1750929563131-12x12.png 12w, https:\/\/ustiniands.com\/wp-content\/uploads\/2025\/06\/1750929563131-441x441.png 441w, https:\/\/ustiniands.com\/wp-content\/uploads\/2025\/06\/1750929563131-100x100.png 100w, https:\/\/ustiniands.com\/wp-content\/uploads\/2025\/06\/1750929563131-500x500.png 500w, https:\/\/ustiniands.com\/wp-content\/uploads\/2025\/06\/1750929563131-40x40.png 40w\" sizes=\"(max-width: 610px) 100vw, 610px\" \/><\/figure>\n\n\n\n<ul class=\"wp-block-list\">\n<li><strong>Verst\u00e4rkte Ferse<\/strong><\/li>\n\n\n\n<li>Verst\u00e4rkte 2-lagige Ferse und Spitze f\u00fcr lange Haltbarkeit.<\/li>\n<\/ul>\n\n\n\n<p><\/p>","protected":false},"excerpt":{"rendered":"<p>Entspannen Sie sich in dehnbaren Lamasocken, die f\u00fcr Komfort und Bewegung entwickelt wurden. Weich, flexibel und perfekt f\u00fcr Yoga oder Faulenzen, bringen diese Socken verspielten Charme und gem\u00fctliche Vibes in jedes St\u00fcck - ein wahres Namaste-Essential f\u00fcr Entspannungs- und Stil-Liebhaber gleicherma\u00dfen.<\/p>","protected":false},"featured_media":7767,"comment_status":"open","ping_status":"closed","template":"","meta":[],"product_brand":[],"product_cat":[100],"product_tag":[],"class_list":{"0":"post-7760","1":"product","2":"type-product","3":"status-publish","4":"has-post-thumbnail","6":"product_cat-all-socks","8":"first","9":"instock","10":"shipping-taxable","11":"purchasable","12":"product-type-simple"},"_links":{"self":[{"href":"https:\/\/ustiniands.com\/de\/wp-json\/wp\/v2\/product\/7760","targetHints":{"allow":["GET"]}}],"collection":[{"href":"https:\/\/ustiniands.com\/de\/wp-json\/wp\/v2\/product"}],"about":[{"href":"https:\/\/ustiniands.com\/de\/wp-json\/wp\/v2\/types\/product"}],"replies":[{"embeddable":true,"href":"https:\/\/ustiniands.com\/de\/wp-json\/wp\/v2\/comments?post=7760"}],"wp:featuredmedia":[{"embeddable":true,"href":"https:\/\/ustiniands.com\/de\/wp-json\/wp\/v2\/media\/7767"}],"wp:attachment":[{"href":"https:\/\/ustiniands.com\/de\/wp-json\/wp\/v2\/media?parent=7760"}],"wp:term":[{"taxonomy":"product_brand","embeddable":true,"href":"https:\/\/ustiniands.com\/de\/wp-json\/wp\/v2\/product_brand?post=7760"},{"taxonomy":"product_cat","embeddable":true,"href":"https:\/\/ustiniands.com\/de\/wp-json\/wp\/v2\/product_cat?post=7760"},{"taxonomy":"product_tag","embeddable":true,"href":"https:\/\/ustiniands.com\/de\/wp-json\/wp\/v2\/product_tag?post=7760"}],"curies":[{"name":"wp","href":"https:\/\/api.w.org\/{rel}","templated":true}]}}