{"id":7741,"date":"2025-06-26T08:53:13","date_gmt":"2025-06-26T08:53:13","guid":{"rendered":"https:\/\/ustiniands.com\/?post_type=product&#038;p=7741"},"modified":"2025-06-26T08:53:14","modified_gmt":"2025-06-26T08:53:14","slug":"unbelievable-crew-socks","status":"publish","type":"product","link":"https:\/\/ustiniands.com\/de\/produkt\/unbelievable-crew-socks\/","title":{"rendered":"Unglaublich Crew Socken"},"content":{"rendered":"<figure class=\"wp-block-image size-full is-resized\"><img fetchpriority=\"high\" decoding=\"async\" width=\"610\" height=\"610\" src=\"https:\/\/ustiniands.com\/wp-content\/uploads\/2025\/06\/1750927796230.png\" alt=\"\" class=\"wp-image-7742\" style=\"width:900px;height:auto\" srcset=\"https:\/\/ustiniands.com\/wp-content\/uploads\/2025\/06\/1750927796230.png 610w, https:\/\/ustiniands.com\/wp-content\/uploads\/2025\/06\/1750927796230-300x300.png 300w, https:\/\/ustiniands.com\/wp-content\/uploads\/2025\/06\/1750927796230-150x150.png 150w, https:\/\/ustiniands.com\/wp-content\/uploads\/2025\/06\/1750927796230-12x12.png 12w, https:\/\/ustiniands.com\/wp-content\/uploads\/2025\/06\/1750927796230-441x441.png 441w, https:\/\/ustiniands.com\/wp-content\/uploads\/2025\/06\/1750927796230-100x100.png 100w, https:\/\/ustiniands.com\/wp-content\/uploads\/2025\/06\/1750927796230-500x500.png 500w, https:\/\/ustiniands.com\/wp-content\/uploads\/2025\/06\/1750927796230-40x40.png 40w\" sizes=\"(max-width: 610px) 100vw, 610px\" \/><\/figure>\n\n\n\n<ul class=\"wp-block-list\">\n<li><strong>Stay Up Power<\/strong><\/li>\n\n\n\n<li>Un\u00fcbertroffener Halt f\u00fcr den ganzen Tag.<\/li>\n<\/ul>\n\n\n\n<figure class=\"wp-block-image size-full is-resized\"><img decoding=\"async\" width=\"610\" height=\"610\" src=\"https:\/\/ustiniands.com\/wp-content\/uploads\/2025\/06\/1750927802814.png\" alt=\"\" class=\"wp-image-7743\" style=\"width:900px;height:auto\" srcset=\"https:\/\/ustiniands.com\/wp-content\/uploads\/2025\/06\/1750927802814.png 610w, https:\/\/ustiniands.com\/wp-content\/uploads\/2025\/06\/1750927802814-300x300.png 300w, https:\/\/ustiniands.com\/wp-content\/uploads\/2025\/06\/1750927802814-150x150.png 150w, https:\/\/ustiniands.com\/wp-content\/uploads\/2025\/06\/1750927802814-12x12.png 12w, https:\/\/ustiniands.com\/wp-content\/uploads\/2025\/06\/1750927802814-441x441.png 441w, https:\/\/ustiniands.com\/wp-content\/uploads\/2025\/06\/1750927802814-100x100.png 100w, https:\/\/ustiniands.com\/wp-content\/uploads\/2025\/06\/1750927802814-500x500.png 500w, https:\/\/ustiniands.com\/wp-content\/uploads\/2025\/06\/1750927802814-40x40.png 40w\" sizes=\"(max-width: 610px) 100vw, 610px\" \/><\/figure>\n\n\n\n<ul class=\"wp-block-list\">\n<li><strong>Verst\u00e4rkte Ferse<\/strong><\/li>\n\n\n\n<li>Verst\u00e4rkte 2-lagige Ferse und Spitze f\u00fcr lange Haltbarkeit.<\/li>\n<\/ul>\n\n\n\n<figure class=\"wp-block-image size-full is-resized\"><img decoding=\"async\" width=\"610\" height=\"610\" src=\"https:\/\/ustiniands.com\/wp-content\/uploads\/2025\/06\/1750927799823-1.png\" alt=\"\" class=\"wp-image-7746\" style=\"width:900px;height:auto\" srcset=\"https:\/\/ustiniands.com\/wp-content\/uploads\/2025\/06\/1750927799823-1.png 610w, https:\/\/ustiniands.com\/wp-content\/uploads\/2025\/06\/1750927799823-1-300x300.png 300w, https:\/\/ustiniands.com\/wp-content\/uploads\/2025\/06\/1750927799823-1-150x150.png 150w, https:\/\/ustiniands.com\/wp-content\/uploads\/2025\/06\/1750927799823-1-12x12.png 12w, https:\/\/ustiniands.com\/wp-content\/uploads\/2025\/06\/1750927799823-1-441x441.png 441w, https:\/\/ustiniands.com\/wp-content\/uploads\/2025\/06\/1750927799823-1-100x100.png 100w, https:\/\/ustiniands.com\/wp-content\/uploads\/2025\/06\/1750927799823-1-500x500.png 500w, https:\/\/ustiniands.com\/wp-content\/uploads\/2025\/06\/1750927799823-1-40x40.png 40w\" sizes=\"(max-width: 610px) 100vw, 610px\" \/><\/figure>","protected":false},"excerpt":{"rendered":"<p>Stellen Sie sich vor: Sie gehen im Wald spazieren, und pl\u00f6tzlich sehen Sie Bigfoot. Was ist das? Du gehst n\u00e4her ran, und was siehst du? Er sitzt um ein Feuer mit einem Lager von Au\u00dferirdischen!! In Ihrer \u00dcberraschung brechen Sie einen Zweig ab und machen sie auf Ihre Anwesenheit aufmerksam. Sofort fliegt ihr Raumschiff heran und beamt sie hoch, hoch und weg. Keiner wird dir jemals glauben - au\u00dfer uns. Zur Erinnerung an dieses einmalige Erlebnis haben wir f\u00fcr dich diese Unbelievable Crew Socks in Braun gemacht.<\/p>","protected":false},"featured_media":7742,"comment_status":"open","ping_status":"closed","template":"","meta":[],"product_brand":[],"product_cat":[100],"product_tag":[],"class_list":{"0":"post-7741","1":"product","2":"type-product","3":"status-publish","4":"has-post-thumbnail","6":"product_cat-all-socks","8":"first","9":"instock","10":"shipping-taxable","11":"purchasable","12":"product-type-simple"},"_links":{"self":[{"href":"https:\/\/ustiniands.com\/de\/wp-json\/wp\/v2\/product\/7741","targetHints":{"allow":["GET"]}}],"collection":[{"href":"https:\/\/ustiniands.com\/de\/wp-json\/wp\/v2\/product"}],"about":[{"href":"https:\/\/ustiniands.com\/de\/wp-json\/wp\/v2\/types\/product"}],"replies":[{"embeddable":true,"href":"https:\/\/ustiniands.com\/de\/wp-json\/wp\/v2\/comments?post=7741"}],"wp:featuredmedia":[{"embeddable":true,"href":"https:\/\/ustiniands.com\/de\/wp-json\/wp\/v2\/media\/7742"}],"wp:attachment":[{"href":"https:\/\/ustiniands.com\/de\/wp-json\/wp\/v2\/media?parent=7741"}],"wp:term":[{"taxonomy":"product_brand","embeddable":true,"href":"https:\/\/ustiniands.com\/de\/wp-json\/wp\/v2\/product_brand?post=7741"},{"taxonomy":"product_cat","embeddable":true,"href":"https:\/\/ustiniands.com\/de\/wp-json\/wp\/v2\/product_cat?post=7741"},{"taxonomy":"product_tag","embeddable":true,"href":"https:\/\/ustiniands.com\/de\/wp-json\/wp\/v2\/product_tag?post=7741"}],"curies":[{"name":"wp","href":"https:\/\/api.w.org\/{rel}","templated":true}]}}