{"id":7863,"date":"2025-07-01T08:23:30","date_gmt":"2025-07-01T08:23:30","guid":{"rendered":"https:\/\/ustiniands.com\/?page_id=7863"},"modified":"2025-07-01T08:24:08","modified_gmt":"2025-07-01T08:24:08","slug":"elementor-%e9%a1%b5%e9%9d%a2-7863","status":"publish","type":"page","link":"https:\/\/ustiniands.com\/de\/elementor-%e9%a1%b5%e9%9d%a2-7863\/","title":{"rendered":"Elementor \u9875\u9762 #7863"},"content":{"rendered":"<div data-elementor-type=\"wp-page\" data-elementor-id=\"7863\" class=\"elementor elementor-7863\" data-elementor-post-type=\"page\">\n\t\t\t\t<div class=\"elementor-element elementor-element-ff592f6 e-flex e-con-boxed e-con e-parent\" data-id=\"ff592f6\" data-element_type=\"container\">\n\t\t\t\t\t<div class=\"e-con-inner\">\n\t\t\t\t<div class=\"elementor-element elementor-element-7d61364 elementor-widget elementor-widget-text-editor\" data-id=\"7d61364\" data-element_type=\"widget\" data-widget_type=\"text-editor.default\">\n\t\t\t\t<div class=\"elementor-widget-container\">\n\t\t\t\t\t\t\t\t\t<center>\n               <a name=\"socks\"><\/a>\n               <h2>Smartwool Socken Gr\u00f6\u00dfentabelle<\/h2>\n               <br>\n               <table class=\"adult_sock_sizes\">\n                  <tbody>\n                     <tr>\n                        <th>Gr\u00f6\u00dfe<\/th>\n                        <th>U.S. Schuhgr\u00f6\u00dfe f\u00fcr M\u00e4nner<\/th>\n                        <th>U.S. Frauenschuhgr\u00f6\u00dfe<\/th>\n                        <th>Euro-Schuhgr\u00f6\u00dfe<\/th>\n                        <th>UK-Schuhgr\u00f6\u00dfe<\/th>\n                     <\/tr>\n                     <tr>\n                        <td>S<\/td>\n                        <td>3-5.5<\/td>\n                        <td>4-6.5<\/td>\n                        <td>34-37<\/td>\n                        <td>2-4.5<\/td>\n                     <\/tr>\n                     <tr>\n                        <td>M<\/td>\n                        <td>6-8.5<\/td>\n                        <td>7-9.5<\/td>\n                        <td>38-41<\/td>\n                        <td>5-7.5<\/td>\n                     <\/tr>\n                     <tr>\n                        <td>L<\/td>\n                        <td>9-11.5<\/td>\n                        <td>10-12.5<\/td>\n                        <td>42-45<\/td>\n                        <td>8-10.5<\/td>\n                     <\/tr>\n                     <tr>\n                        <td>XL<\/td>\n                        <td>12-14.5<\/td>\n                        <td>K.A.<\/td>\n                        <td>46-49<\/td>\n                        <td>11-13.5<\/td>\n                     <\/tr>\n                  <\/tbody>\n               <\/table>\n               <center>\n                  <div class=\"row responsive-CTAs\">\n                     <ol>\n                        <li>\n                           <a href=\"https:\/\/www.smartwool.com\/en-us\/men\/socks\" target=\"_blank\" rel=\"noopener\"><span class=\"button\" style=\"text-transform: uppercase;\">Socken f\u00fcr M\u00e4nner kaufen<\/span><\/a>\n                        <\/li>\n                        <li>\n                           <a href=\"https:\/\/www.smartwool.com\/en-us\/women\/socks\" target=\"_blank\" rel=\"noopener\"><span class=\"button\" style=\"text-transform: uppercase;\">Socken f\u00fcr Frauen kaufen<\/span><\/a>\n                        <\/li>\n                     <\/ol>\n                  <\/div>\n                  <br><br>\n               <\/center>\n               <br><br>\n               <h2>Smartwool Socken f\u00fcr Kinder Gr\u00f6\u00dfentabelle<\/h2>\n               <br>\n               <table class=\"kids_sock_sizes\">\n                  <tbody>\n                     <tr>\n                        <th>Gr\u00f6\u00dfe<\/th>\n                        <th>U.S.-Schuhgr\u00f6\u00dfe<\/th>\n                        <th>Euro-Schuhgr\u00f6\u00dfe<\/th>\n                        <th>UK-Schuhgr\u00f6\u00dfe<\/th>\n                     <\/tr>\n                     <tr>\n                        <td>XS<\/td>\n                        <td>6-8.5<\/td>\n                        <td>22-25<\/td>\n                        <td>5-7.5<\/td>\n                     <\/tr>\n                     <tr>\n                        <td>S<\/td>\n                        <td>9-11.5<\/td>\n                        <td>26-28<\/td>\n                        <td>8-10.5<\/td>\n                     <\/tr>\n                     <tr>\n                        <td>M<\/td>\n                        <td>12-2.5<\/td>\n                        <td>29-32<\/td>\n                        <td>11-13.5<\/td>\n                     <\/tr>\n                     <tr>\n                        <td>L<\/td>\n                        <td>3-6<\/td>\n                        <td>33-36<\/td>\n                        <td>1-4.5<\/td>\n                     <\/tr>\n                  <\/tbody>\n               <\/table>\n               <br><br>\n               <div class=\"row responsive-CTAs\">\n                  <ol>\n                     <li>\n                        <a href=\"https:\/\/www.smartwool.com\/en-us\/kids\/socks\" target=\"_blank\" rel=\"noopener\"><span class=\"button\" style=\"text-transform: uppercase;\">Kindersocken kaufen<\/span><\/a>\n                     <\/li>\n                  <\/ol>\n               <\/div>\n               <br>\n            <\/center>\t\t\t\t\t\t\t\t<\/div>\n\t\t\t\t<\/div>\n\t\t\t\t\t<\/div>\n\t\t\t\t<\/div>\n\t\t\t\t<\/div>","protected":false},"excerpt":{"rendered":"<p>Smartwool Socks Size Chart Size U.S. Men&#8217;s Shoe Size U.S. Women&#8217;s Shoe Size Euro Shoe Size UK Shoe Size S 3-5.5 4-6.5 34-37 2-4.5 M 6-8.5 7-9.5 38-41 5-7.5 L 9-11.5 10-12.5 42-45 8-10.5 XL 12-14.5 N\/A 46-49 11-13.5 Shop Men&#8217;s Socks Shop Women&#8217;s Socks Kids&#8217; Smartwool Socks Size Chart Size U.S. Shoe Size Euro [&hellip;]<\/p>","protected":false},"author":1,"featured_media":0,"parent":0,"menu_order":0,"comment_status":"closed","ping_status":"closed","template":"","meta":{"footnotes":""},"class_list":["post-7863","page","type-page","status-publish","hentry"],"_links":{"self":[{"href":"https:\/\/ustiniands.com\/de\/wp-json\/wp\/v2\/pages\/7863","targetHints":{"allow":["GET"]}}],"collection":[{"href":"https:\/\/ustiniands.com\/de\/wp-json\/wp\/v2\/pages"}],"about":[{"href":"https:\/\/ustiniands.com\/de\/wp-json\/wp\/v2\/types\/page"}],"author":[{"embeddable":true,"href":"https:\/\/ustiniands.com\/de\/wp-json\/wp\/v2\/users\/1"}],"replies":[{"embeddable":true,"href":"https:\/\/ustiniands.com\/de\/wp-json\/wp\/v2\/comments?post=7863"}],"version-history":[{"count":4,"href":"https:\/\/ustiniands.com\/de\/wp-json\/wp\/v2\/pages\/7863\/revisions"}],"predecessor-version":[{"id":7867,"href":"https:\/\/ustiniands.com\/de\/wp-json\/wp\/v2\/pages\/7863\/revisions\/7867"}],"wp:attachment":[{"href":"https:\/\/ustiniands.com\/de\/wp-json\/wp\/v2\/media?parent=7863"}],"curies":[{"name":"wp","href":"https:\/\/api.w.org\/{rel}","templated":true}]}}